{"id":788,"date":"2022-08-28T11:29:46","date_gmt":"2022-08-28T09:29:46","guid":{"rendered":"https:\/\/lieferanten-verzeichnis.info\/sgs-tuev-saar\/?page_id=788"},"modified":"2022-09-04T11:07:55","modified_gmt":"2022-09-04T09:07:55","slug":"leistungsangebot","status":"publish","type":"page","link":"https:\/\/lieferanten-verzeichnis.info\/sgs-tuev-saar\/leistungsangebot\/","title":{"rendered":"LEISTUNGSANGEBOT"},"content":{"rendered":"<div data-post-id=\"2187\" class=\"insert-page insert-page-2187 \"><div data-post-id=\"1127\" class=\"insert-page insert-page-1127 \"><h4><span style=\"color: #ff6600;font-family: arial, helvetica, sans-serif;font-size: 24pt\">Die LEISTUNGEN von SGS im \u00dcberblick:<\/span><\/h4>\n<div class=\" accordion-ye9agx style2 magee-shortcode panel-group magee-accordion accordion-spacing\" role=\"tablist\" aria-multiselectable=\"yes\" id=\"accordion-ye9agx\"><\/p>\n<div class=\"panel panel-default \" id=\"panelaccordion-ye9agx-1\"><div class=\"panel-heading\" role=\"tab\" id=\"headingcollapseaccordion-ye9agx-1\">\r\n\t\t\t\t<a class=\"accordion-toggle collapsed\" data-toggle=\"collapse\" data-parent=\"#accordion-ye9agx\" href=\"#collapseaccordion-ye9agx-1\" aria-expanded=\"false\" aria-controls=\"collapseaccordion-ye9agx-1\">\r\n\t\t\t\t\t<h4 class=\"panel-title\">\r\n\t\t\t\t\t\t\tSGS bietet weltweit einzigartigen Rundum-Service und Dienstleistungen f\u00fcr den Bahnverkehr\r\n\t\t\t\t\t<\/h4>\r\n\t\t\t\t<\/a>\r\n\t\t\t<\/div>\r\n\t\t\t<div id=\"collapseaccordion-ye9agx-1\" class=\"panel-collapse collapse \" role=\"tabpanel\" aria-labelledby=\"headingcollapseaccordion-ye9agx-1\" aria-expanded=\"false\">\r\n\t\t\t\t<div class=\"panel-body\">\r\n\t\t\t\t\t\n<p><span style=\"font-family: arial, helvetica, sans-serif;color: #000000\">Klimawandel und wachsendes Verkehrsaufkommen f\u00fchren dazu, dass die Schiene in den kommenden Jahren weiter an Bedeutung gewinnen wird. F\u00fcr eine Verlagerung auf den klimafreundlichen Bahnverkehr ist es notwendig, dass Menschen und Waren schnell, p\u00fcnktlich und sicher ans Ziel kommen. Allerdings erwirtschaften nur stets betriebsbereite Fahrzeuge auch zuverl\u00e4ssige Renditen f\u00fcr ihre Betreiber. Dank unserer weltweiten Erfahrung wissen wir bei SGS, wie das rundum die Schiene reibungslos funktioniert.<\/span><\/p>\n\r\n\t\t\t\t\t<div class=\"clear\"><\/div>\r\n\t\t\t\t<\/div>\r\n\t\t\t<\/div>\r\n\t\t<\/div><\/div>\n<p>&nbsp;<\/p>\n<div class=\" accordion-6a7bad style2 magee-shortcode panel-group magee-accordion accordion-spacing\" role=\"tablist\" aria-multiselectable=\"yes\" id=\"accordion-6a7bad\"><\/p>\n<div class=\"panel panel-default \" id=\"panelaccordion-6a7bad-1\"><div class=\"panel-heading\" role=\"tab\" id=\"headingcollapseaccordion-6a7bad-1\">\r\n\t\t\t\t<a class=\"accordion-toggle collapsed\" data-toggle=\"collapse\" data-parent=\"#accordion-6a7bad\" href=\"#collapseaccordion-6a7bad-1\" aria-expanded=\"false\" aria-controls=\"collapseaccordion-6a7bad-1\">\r\n\t\t\t\t\t<h4 class=\"panel-title\">\r\n\t\t\t\t\t\t\tUnsere Ingenieurdienstleistungen im Bereich Fahrzeughersteller, Fahrzeughalter, EVUs, Instandhaltungsbetriebe und Nahverkehrsgesellschaften im \u00dcberblick:\r\n\t\t\t\t\t<\/h4>\r\n\t\t\t\t<\/a>\r\n\t\t\t<\/div>\r\n\t\t\t<div id=\"collapseaccordion-6a7bad-1\" class=\"panel-collapse collapse \" role=\"tabpanel\" aria-labelledby=\"headingcollapseaccordion-6a7bad-1\" aria-expanded=\"false\">\r\n\t\t\t\t<div class=\"panel-body\">\r\n\t\t\t\t\t\n<ul>\n<li>Ingenieurdienstleistungen in den gesamten Lebenszyklus der Fahrzeugflotte (Neubeschaffung, Modernisierung, Instandhaltung)<\/li>\n<li>\u00dcberwachung des gesellschaftseigenen Fahrzeugpools<\/li>\n<\/ul>\n<p>ENTWICKLUNG VON NEUFAHRZEUGEN<\/p>\n<ul>\n<li>Erstellen und Pr\u00fcfen von Lastenheften, Systembeschreibungen, Reparatur- und Instandhaltungsanweisungen<\/li>\n<li>Auswertung und Vergleich von Hersteller-\/Betreiberangeboten auf Konformit\u00e4t zur Ausschreibung<\/li>\n<li>\u00dcberwachung und Begleitung w\u00e4hrend der Fertigung des Vorserien-Fzg. in allen Bereichen und Subsystemen<\/li>\n<\/ul>\n<p>PRODUKTION, VOR- UND SERIENFERTIGUNG VON NEUFAHRZEUGEN<\/p>\n<ul>\n<li>Unterst\u00fctzung der Projektleitung bei Neubauprojekten<\/li>\n<li>Baubetreuung\/Bau\u00fcberwachung von Vor- und Serienfahrzeugen<\/li>\n<li>FAI (First Article Inspection) und Abnahme von Komponenten<\/li>\n<\/ul>\n<p>ZULASSUNG<\/p>\n<ul>\n<li>Unterst\u00fctzung in allen Fragen der Fahrzeugzulassung gegen\u00fcber den Zulassungsbeh\u00f6rden<\/li>\n<\/ul>\n<p>INSTANDHALTUNG<\/p>\n<ul>\n<li>\u00dcberwachung des gesellschaftseigenen Fahrzeugpools (sofern vorhanden)<\/li>\n<li>Erarbeitung von Reparatur- und Instandhaltungsanweisungen z. B. bei Unf\u00e4llen in der Fahrzeuggew\u00e4hrleistungen, auch mit Hilfe von FE-Berechnungen und<\/li>\n<li>Simulationen<\/li>\n<li>Baubetreuung\/Bau\u00fcberwachung bei Modernisierung und Re-Design, Unterst\u00fctzung oder komplette \u00dcbernahme der Projektleitung bei Umbauprojekten aller Art<\/li>\n<li>Unterst\u00fctzung bei planm\u00e4\u00dfiger Instandhaltung und Revision von Fahrzeugen<\/li>\n<li>Unabh\u00e4ngige Begutachtung und Bewertung von Sch\u00e4den an Fahrzeugen f\u00fcr die Schadensregulierung bei Unf\u00e4llen\/Vandalismus etc.<\/li>\n<\/ul>\n<p>QUALIT\u00c4TSMANANGEMENT<\/p>\n<ul>\n<li>Qualit\u00e4tssicherung\/Abnahme und Auditierung von Lieferanten\/ Komponenten<\/li>\n<li>\u00dcberwachen der Qualit\u00e4t zu den geschlossenen Verkehrsvertr\u00e4gen<\/li>\n<\/ul>\n\r\n\t\t\t\t\t<div class=\"clear\"><\/div>\r\n\t\t\t\t<\/div>\r\n\t\t\t<\/div>\r\n\t\t<\/div><\/div>\n<p>&nbsp;<\/p>\n<div class=\" accordion-96kvpi style2 magee-shortcode panel-group magee-accordion accordion-spacing\" role=\"tablist\" aria-multiselectable=\"yes\" id=\"accordion-96kvpi\"><\/p>\n<div class=\"panel panel-default \" id=\"panelaccordion-96kvpi-1\"><div class=\"panel-heading\" role=\"tab\" id=\"headingcollapseaccordion-96kvpi-1\">\r\n\t\t\t\t<a class=\"accordion-toggle collapsed\" data-toggle=\"collapse\" data-parent=\"#accordion-96kvpi\" href=\"#collapseaccordion-96kvpi-1\" aria-expanded=\"false\" aria-controls=\"collapseaccordion-96kvpi-1\">\r\n\t\t\t\t\t<h4 class=\"panel-title\">\r\n\t\t\t\t\t\t\tZerst\u00f6rungsfreie Pr\u00fcfung im Industriesektor Eisenbahn und Eisenbahninfrastruktur nach DIN 27201-7\r\n\t\t\t\t\t<\/h4>\r\n\t\t\t\t<\/a>\r\n\t\t\t<\/div>\r\n\t\t\t<div id=\"collapseaccordion-96kvpi-1\" class=\"panel-collapse collapse \" role=\"tabpanel\" aria-labelledby=\"headingcollapseaccordion-96kvpi-1\" aria-expanded=\"false\">\r\n\t\t\t\t<div class=\"panel-body\">\r\n\t\t\t\t\t\n<ul style=\"list-style-type: square\">\n<li><span style=\"font-family: arial, helvetica, sans-serif;color: #000000\">Sichtpr\u00fcfung (VT): R\u00e4der, Radsatzwellen und Radsatzlagergeh\u00e4use<\/span><\/li>\n<li><span style=\"font-family: arial, helvetica, sans-serif;color: #000000\">Magnetpulverpr\u00fcfung (MT): Radsatzwellen, R\u00e4der, Radsatzlagergeh\u00e4use, Drehgestellrahmen, Drehgestellwiegentr\u00e4ger, Fahrzeugrahmen, Zughaken, <\/span><\/li>\n<li><span style=\"font-family: arial, helvetica, sans-serif;color: #000000\">Zugstangen, Mittelpufferkupplungen, Puffer, Puffervorbauten, sonstige Bauteile<\/span><\/li>\n<li><span style=\"font-family: arial, helvetica, sans-serif;color: #000000\">Ultraschallpr\u00fcfung (UT): Radsatzwellen und R\u00e4der<\/span><\/li>\n<\/ul>\n\r\n\t\t\t\t\t<div class=\"clear\"><\/div>\r\n\t\t\t\t<\/div>\r\n\t\t\t<\/div>\r\n\t\t<\/div><\/div>\n<p>&nbsp;<\/p>\n<div class=\" accordion-f1efrg style2 magee-shortcode panel-group magee-accordion accordion-spacing\" role=\"tablist\" aria-multiselectable=\"yes\" id=\"accordion-f1efrg\"><\/p>\n<div class=\"panel panel-default \" id=\"panelaccordion-f1efrg-1\"><div class=\"panel-heading\" role=\"tab\" id=\"headingcollapseaccordion-f1efrg-1\">\r\n\t\t\t\t<a class=\"accordion-toggle collapsed\" data-toggle=\"collapse\" data-parent=\"#accordion-f1efrg\" href=\"#collapseaccordion-f1efrg-1\" aria-expanded=\"false\" aria-controls=\"collapseaccordion-f1efrg-1\">\r\n\t\t\t\t\t<h4 class=\"panel-title\">\r\n\t\t\t\t\t\t\tPersonalmanagement\r\n\t\t\t\t\t<\/h4>\r\n\t\t\t\t<\/a>\r\n\t\t\t<\/div>\r\n\t\t\t<div id=\"collapseaccordion-f1efrg-1\" class=\"panel-collapse collapse \" role=\"tabpanel\" aria-labelledby=\"headingcollapseaccordion-f1efrg-1\" aria-expanded=\"false\">\r\n\t\t\t\t<div class=\"panel-body\">\r\n\t\t\t\t\t\n<ul>\n<li><span style=\"font-family: arial, helvetica, sans-serif;color: #000000\">Technical Staffing Services (TSS)<\/span><\/li>\n<li><span style=\"font-family: arial, helvetica, sans-serif;color: #000000\">Headhunting<\/span><\/li>\n<li><span style=\"font-family: arial, helvetica, sans-serif;color: #000000\">Personalvermittlung\/Arbeitnehmer\u00fcberlassung<\/span><\/li>\n<li><span style=\"font-family: arial, helvetica, sans-serif;color: #000000\">Werk- und Dienstvertr\u00e4ge\/Contracting<\/span><\/li>\n<\/ul>\n\r\n\t\t\t\t\t<div class=\"clear\"><\/div>\r\n\t\t\t\t<\/div>\r\n\t\t\t<\/div>\r\n\t\t<\/div><\/div>\n<p>&nbsp;<\/p>\n<div class=\" accordion-auc5bd style2 magee-shortcode panel-group magee-accordion accordion-spacing\" role=\"tablist\" aria-multiselectable=\"yes\" id=\"accordion-auc5bd\"><\/p>\n<div class=\"panel panel-default \" id=\"panelaccordion-auc5bd-1\"><div class=\"panel-heading\" role=\"tab\" id=\"headingcollapseaccordion-auc5bd-1\">\r\n\t\t\t\t<a class=\"accordion-toggle collapsed\" data-toggle=\"collapse\" data-parent=\"#accordion-auc5bd\" href=\"#collapseaccordion-auc5bd-1\" aria-expanded=\"false\" aria-controls=\"collapseaccordion-auc5bd-1\">\r\n\t\t\t\t\t<h4 class=\"panel-title\">\r\n\t\t\t\t\t\t\tSensorgest\u00fctzte Anlagen\u00fcberwachung von Eisenbahninfrastruktur\r\n\t\t\t\t\t<\/h4>\r\n\t\t\t\t<\/a>\r\n\t\t\t<\/div>\r\n\t\t\t<div id=\"collapseaccordion-auc5bd-1\" class=\"panel-collapse collapse \" role=\"tabpanel\" aria-labelledby=\"headingcollapseaccordion-auc5bd-1\" aria-expanded=\"false\">\r\n\t\t\t\t<div class=\"panel-body\">\r\n\t\t\t\t\t\n<ul>\n<li><span style=\"font-family: arial, helvetica, sans-serif;color: #000000\">Smart-Kamera-Sensoren f\u00fcr die optische Verschiebungs\u00fcberwachung<\/span><\/li>\n<li><span style=\"font-family: arial, helvetica, sans-serif;color: #000000\">ZfP-Sensoren zur Riss\u00fcberwachung (Rissinitierung und Rissgr\u00f6\u00dfe)<\/span><\/li>\n<li><span style=\"font-family: arial, helvetica, sans-serif;color: #000000\">Schwingungsmessungen, Modalanalyse, Drahtbrucherkennung, Sto\u00dferkennung<\/span><\/li>\n<li><span style=\"font-family: arial, helvetica, sans-serif;color: #000000\">Dehnungsmessungen und akustische \u00dcberwachung<\/span><\/li>\n<li><span style=\"font-family: arial, helvetica, sans-serif;color: #000000\">Anwendungsgebiete der Sensoren: Geb\u00e4ude, Baustellen, Br\u00fccken, Tunnel, Ausgrabungen, Erdrutsche, Kr\u00e4ne, Portale, T\u00fcrme, Telekommunikation, kleine D\u00e4mme<\/span><\/li>\n<\/ul>\n\r\n\t\t\t\t\t<div class=\"clear\"><\/div>\r\n\t\t\t\t<\/div>\r\n\t\t\t<\/div>\r\n\t\t<\/div><\/div>\n<p>&nbsp;<\/p>\n<div class=\" accordion-hs17eo style2 magee-shortcode panel-group magee-accordion accordion-spacing\" role=\"tablist\" aria-multiselectable=\"yes\" id=\"accordion-hs17eo\"><\/p>\n<div class=\"panel panel-default \" id=\"panelaccordion-hs17eo-1\"><div class=\"panel-heading\" role=\"tab\" id=\"headingcollapseaccordion-hs17eo-1\">\r\n\t\t\t\t<a class=\"accordion-toggle collapsed\" data-toggle=\"collapse\" data-parent=\"#accordion-hs17eo\" href=\"#collapseaccordion-hs17eo-1\" aria-expanded=\"false\" aria-controls=\"collapseaccordion-hs17eo-1\">\r\n\t\t\t\t\t<h4 class=\"panel-title\">\r\n\t\t\t\t\t\t\tZur Absicherung von Gefahrgut steht Ihnen SGS-T\u00dcV Saar mit einem umfangreichen Dienstleistungsportfolio zur Seite\r\n\t\t\t\t\t<\/h4>\r\n\t\t\t\t<\/a>\r\n\t\t\t<\/div>\r\n\t\t\t<div id=\"collapseaccordion-hs17eo-1\" class=\"panel-collapse collapse \" role=\"tabpanel\" aria-labelledby=\"headingcollapseaccordion-hs17eo-1\" aria-expanded=\"false\">\r\n\t\t\t\t<div class=\"panel-body\">\r\n\t\t\t\t\t\n<p><span style=\"font-family: arial, helvetica, sans-serif\">Mit unseren langj\u00e4hrigen Expertise auf dem Gebiet der der Betreuung und Beratung zum Transport von Gefahrgut bis hin zur Gefahrguttransporter-Homologation bieten wir Ihnen eine effiziente und kompetente L\u00f6sung f\u00fcr alle Fragen aus einer Hand, z.B. zu<\/span><\/p>\n<ul>\n<li><span style=\"font-family: arial, helvetica, sans-serif\">Baumusterpr\u00fcfungen an Tanks f\u00fcr Gefahrgut (ADR, RID und IMDG)<\/span><\/li>\n<li><span style=\"font-family: arial, helvetica, sans-serif\">Baumusterzulassungen an Druckgef\u00e4\u00dfen und ortsbeweglichen Tanks (TPED \u2013 2010\/35\/EU)<\/span><\/li>\n<li><span style=\"font-family: arial, helvetica, sans-serif\">Erstmalige und wiederkehrende Pr\u00fcfungen in den Bereichen TPED, CSC, ADR, RID und IMDG<\/span><\/li>\n<li><span style=\"font-family: arial, helvetica, sans-serif\">Beratung rund um Gefahrgutverordnungen (GGVSEB und GGVSee)<\/span><\/li>\n<li><span style=\"font-family: arial, helvetica, sans-serif\">\u00dcberpr\u00fcfung der konstruktiven Berechnung von Tanks (Baumusterberechnung)<\/span><\/li>\n<li><span style=\"font-family: arial, helvetica, sans-serif\">Pr\u00fcfung gem\u00e4\u00df DIN EN12972<\/span><\/li>\n<li><span style=\"font-family: arial, helvetica, sans-serif\">Abnahme von Armaturen und Anbauteilen<\/span><\/li>\n<li><span style=\"font-family: arial, helvetica, sans-serif\">Typgenehmigung von Fahrzeugen zum Gefahrguttransport (ECE-R 105, 98\/91\/EG)<\/span><\/li>\n<\/ul>\n\r\n\t\t\t\t\t<div class=\"clear\"><\/div>\r\n\t\t\t\t<\/div>\r\n\t\t\t<\/div>\r\n\t\t<\/div><\/div>\n<p>&nbsp;<\/p>\n<div class=\" accordion-so45o6 style2 magee-shortcode panel-group magee-accordion accordion-spacing\" role=\"tablist\" aria-multiselectable=\"yes\" id=\"accordion-so45o6\"><\/p>\n<div class=\"panel panel-default \" id=\"panelaccordion-so45o6-1\"><div class=\"panel-heading\" role=\"tab\" id=\"headingcollapseaccordion-so45o6-1\">\r\n\t\t\t\t<a class=\"accordion-toggle collapsed\" data-toggle=\"collapse\" data-parent=\"#accordion-so45o6\" href=\"#collapseaccordion-so45o6-1\" aria-expanded=\"false\" aria-controls=\"collapseaccordion-so45o6-1\">\r\n\t\t\t\t\t<h4 class=\"panel-title\">\r\n\t\t\t\t\t\t\tDar\u00fcber hinaus bieten wir auch\r\n\t\t\t\t\t<\/h4>\r\n\t\t\t\t<\/a>\r\n\t\t\t<\/div>\r\n\t\t\t<div id=\"collapseaccordion-so45o6-1\" class=\"panel-collapse collapse \" role=\"tabpanel\" aria-labelledby=\"headingcollapseaccordion-so45o6-1\" aria-expanded=\"false\">\r\n\t\t\t\t<div class=\"panel-body\">\r\n\t\t\t\t\t\n<ul>\n<li><span style=\"font-family: arial, helvetica, sans-serif;color: #000000\">Erstmalige und wiederkehrende Pr\u00fcfungen an \u00fcberwachungsbed\u00fcrftigen Anlagen von Schienenfahrzeugen (\u00a733 EBO)<\/span><\/li>\n<li><span style=\"font-family: arial, helvetica, sans-serif;color: #000000\">Gestellung von Schwei\u00dfaufsichtspersonen nach DIN 15085 (Schwei\u00dfen im Schienenfahrzeugbau)<\/span><\/li>\n<li><span style=\"font-family: arial, helvetica, sans-serif;color: #000000\">Services gem\u00e4\u00df Interoperabilit\u00e4tsvorschriften \u00fcber die globale SGS-Gruppe<\/span><\/li>\n<\/ul>\n\r\n\t\t\t\t\t<div class=\"clear\"><\/div>\r\n\t\t\t\t<\/div>\r\n\t\t\t<\/div>\r\n\t\t<\/div><\/div>\n<p style=\"text-align: right\">.<\/p>\n<p>&nbsp;<\/p>\n<hr \/>\n<p>&nbsp;<\/p>\n<blockquote>\n<p><strong>Haben Sie Fragen zu den angebotenen Produkten?<\/strong><\/p>\n<div data-post-id=\"1803\" class=\"insert-page insert-page-1803 \"><h4>Unsere KOMMUNIKATIONSKAN\u00c4LE<\/h4>\n<h4>&#8211; So k\u00f6nnen Sie uns schnell erreichen:<\/h4>\n<p>&nbsp;<\/p>\n<div class=\" accordion-r1hc1p style2 magee-shortcode panel-group magee-accordion accordion-spacing\" role=\"tablist\" aria-multiselectable=\"yes\" id=\"accordion-r1hc1p\"> <div class=\"panel panel-default \" id=\"panelaccordion-r1hc1p-1\"><div class=\"panel-heading\" role=\"tab\" id=\"headingcollapseaccordion-r1hc1p-1\">\r\n\t\t\t\t<a class=\"accordion-toggle \" data-toggle=\"collapse\" data-parent=\"#accordion-r1hc1p\" href=\"#collapseaccordion-r1hc1p-1\" aria-expanded=\"true\" aria-controls=\"collapseaccordion-r1hc1p-1\">\r\n\t\t\t\t\t<h4 class=\"panel-title\">\r\n\t\t\t\t\t\t\tSCHNELLER KONTAKT SGS RAIL\r\n\t\t\t\t\t<\/h4>\r\n\t\t\t\t<\/a>\r\n\t\t\t<\/div>\r\n\t\t\t<div id=\"collapseaccordion-r1hc1p-1\" class=\"panel-collapse collapse in\" role=\"tabpanel\" aria-labelledby=\"headingcollapseaccordion-r1hc1p-1\" aria-expanded=\"true\">\r\n\t\t\t\t<div class=\"panel-body\">\r\n\t\t\t\t\t\n<p>&nbsp;<\/p>\n<p style=\"padding-left: 40px\"><a class=\"fasc-button fasc-size-large fasc-type-popout fasc-rounded-medium ico-fa fasc-ico-before fa-phone-square fasc-style-bold\" style=\"background-color: #ff6600;color: #ffffff\" href=\"tel:+494030101218\">&nbsp; TELEFON:&nbsp; +49 40 30101-218<\/a><\/p>\n<p>&nbsp;<\/p>\n<p style=\"padding-left: 40px\"><a class=\"fasc-button fasc-size-large fasc-type-popout fasc-rounded-medium ico-fa fasc-ico-before fa-envelope-o fasc-style-bold\" style=\"background-color: #ff6600;color: #ffffff\" href=\"mailto:de.industrie@sgs.com\">&nbsp; E-MAIL: de.industrie@sgs.com<\/a><\/p>\n\r\n\t\t\t\t\t<div class=\"clear\"><\/div>\r\n\t\t\t\t<\/div>\r\n\t\t\t<\/div>\r\n\t\t<\/div> <\/div>\n<p>&nbsp;<\/p>\n<p style=\"text-align: right\"><span style=\"color: #ffffff\">.<\/span><\/p>\n<\/div>\n<\/blockquote>\n<p>&nbsp;<\/p>\n<p>&nbsp;<\/p>\n<p>&nbsp;<\/p>\n<p>&nbsp;<\/p>\n<p>&nbsp;<\/p>\n<p>&nbsp;<\/p>\n<\/div>\n<p>&nbsp;<\/p>\n<p style=\"text-align: right\"><span style=\"color: #ffffff\">.<\/span><\/p>\n<\/div>\n","protected":false},"excerpt":{"rendered":"","protected":false},"author":4,"featured_media":0,"parent":0,"menu_order":2,"comment_status":"closed","ping_status":"closed","template":"","meta":{"footnotes":""},"categories":[17],"tags":[224],"class_list":["post-788","page","type-page","status-publish","hentry","category-leistungsangebot","tag-page-switch-02"],"_links":{"self":[{"href":"https:\/\/lieferanten-verzeichnis.info\/sgs-tuev-saar\/wp-json\/wp\/v2\/pages\/788","targetHints":{"allow":["GET"]}}],"collection":[{"href":"https:\/\/lieferanten-verzeichnis.info\/sgs-tuev-saar\/wp-json\/wp\/v2\/pages"}],"about":[{"href":"https:\/\/lieferanten-verzeichnis.info\/sgs-tuev-saar\/wp-json\/wp\/v2\/types\/page"}],"author":[{"embeddable":true,"href":"https:\/\/lieferanten-verzeichnis.info\/sgs-tuev-saar\/wp-json\/wp\/v2\/users\/4"}],"replies":[{"embeddable":true,"href":"https:\/\/lieferanten-verzeichnis.info\/sgs-tuev-saar\/wp-json\/wp\/v2\/comments?post=788"}],"version-history":[{"count":24,"href":"https:\/\/lieferanten-verzeichnis.info\/sgs-tuev-saar\/wp-json\/wp\/v2\/pages\/788\/revisions"}],"predecessor-version":[{"id":1850,"href":"https:\/\/lieferanten-verzeichnis.info\/sgs-tuev-saar\/wp-json\/wp\/v2\/pages\/788\/revisions\/1850"}],"wp:attachment":[{"href":"https:\/\/lieferanten-verzeichnis.info\/sgs-tuev-saar\/wp-json\/wp\/v2\/media?parent=788"}],"wp:term":[{"taxonomy":"category","embeddable":true,"href":"https:\/\/lieferanten-verzeichnis.info\/sgs-tuev-saar\/wp-json\/wp\/v2\/categories?post=788"},{"taxonomy":"post_tag","embeddable":true,"href":"https:\/\/lieferanten-verzeichnis.info\/sgs-tuev-saar\/wp-json\/wp\/v2\/tags?post=788"}],"curies":[{"name":"wp","href":"https:\/\/api.w.org\/{rel}","templated":true}]}}