{"id":15,"date":"2022-07-12T03:20:27","date_gmt":"2022-07-12T01:20:27","guid":{"rendered":"https:\/\/lieferanten-verzeichnis.info\/sgs-tuev-saar\/?page_id=15"},"modified":"2022-09-07T12:15:53","modified_gmt":"2022-09-07T10:15:53","slug":"r1_unternehmensprofil","status":"publish","type":"page","link":"https:\/\/lieferanten-verzeichnis.info\/sgs-tuev-saar\/","title":{"rendered":"UNTERNEHMENSPROFIL"},"content":{"rendered":"<p>&nbsp;<\/p>\n<p>&nbsp;<\/p>\n\t\t<table style=\"border-collapse: collapse; width: 100%;\">\r\n<tbody>\r\n<tr>\r\n<td style=\"width: 5%; border-style: none; text-align: left;\">\u00a0<\/td>\r\n<td style=\"width: 90%; border-style: none; text-align: center;\">\r\n<p><a href=\"https:\/\/lieferanten-verzeichnis.info\/sgs-tuev-saar\/\"> <img decoding=\"async\" class=\"aligncenter\" src=\"https:\/\/technik-netzwerk.de\/fileserver-zentrale\/www.lieferanten-verzeichnis.info\/lieferanten-logos\/\/sgs_logo_1000px.png\" alt=\"\" width=\"99%\" height=\"\" \/> <\/a><\/p>\r\n<\/td>\r\n<td style=\"width: 5%; border-style: none; text-align: right;\">\u00a0<\/td>\r\n<\/tr>\r\n<\/tbody>\r\n<\/table>\n<p>&nbsp;<\/p>\n<div data-post-id=\"2186\" class=\"insert-page insert-page-2186 \"><div data-post-id=\"1409\" class=\"insert-page insert-page-1409 \"><p>&nbsp;<\/p>\n<p style=\"text-align: left\"><span style=\"color: #999999\"><em><div data-post-id=\"30\" class=\"insert-page insert-page-30 \"><p><strong><span style=\"font-family: arial, helvetica, sans-serif;font-size: 18pt\">Die SGS ist das weltweit f\u00fchrende Unternehmen in den Bereichen Pr\u00fcfen, Testen, Verifizieren und Zertifizieren.<\/span><\/strong><\/p>\n<\/div><\/em><\/span><\/p>\n<p>&nbsp;<\/p>\n<p style=\"text-align: left\"><span style=\"color: #999999\"><em><div data-post-id=\"58\" class=\"insert-page insert-page-58 \"><h1><span style=\"font-family: arial, helvetica, sans-serif;font-size: 18pt\">We are the world&#8217;s leading testing, inspection and certification company<\/span><\/h1>\n<div class=\"HeroBannerHomepageDescription_m-hero-banner-homepage-description__FxSPM mt-3\">\n<div><span style=\"font-family: arial, helvetica, sans-serif;font-size: 18pt\">Our value to society is enabling a better, safer and more interconnected world.<\/span><\/div>\n<\/div>\n<\/div><\/em><\/span><\/p>\n<p style=\"text-align: center\">\u00a0<\/p>\n<p>&nbsp;<\/p>\n<p>&nbsp;<\/p>\n<hr \/>\n<h3>\u00a0<\/h3>\n<h3 style=\"text-align: justify\"><span style=\"font-family: arial, helvetica, sans-serif;color: #ff6600\">SGS RAIL: WHEN YOU NEED TO BE SURE<\/span><\/h3>\n<p>&nbsp;<\/p>\n<p style=\"text-align: justify\"><span style=\"font-family: arial, helvetica, sans-serif;color: #000000\">SGS ist als weltweiter Ma\u00dfstab f\u00fcr Qualit\u00e4t und Integrit\u00e4t anerkannt. Unsere 96.000 Mitarbeiter betreiben ein Netzwerk von 2.600 B\u00fcros und Labors, die zusammenarbeiten, um eine bessere, sicherere und st\u00e4rker vernetzte Welt zu erm\u00f6glichen. Wo immer Sie sind, egal in welcher Branche, unsere Experten bieten weltweit spezialisierte L\u00f6sungen, um Ihr Gesch\u00e4ft schneller, einfacher und effizienter zu machen.<\/span><\/p>\n<p style=\"text-align: justify\"><span style=\"font-family: arial, helvetica, sans-serif;color: #000000\">In Deutschland ist die 1878 in Genf gegr\u00fcndete SGS bereits seit 1920 aktiv und bundesweit an mehr als 80 Standorten pr\u00e4sent. Zu ihr geh\u00f6ren auch das SGS Institut Fresenius und der SGS-T\u00dcV Saar. Im Auftrag von kleinen, mittleren und gro\u00dfen Unternehmen begleiten wir Industrie- und Bauprojekte aller Art. Die SGS \u00fcbernimmt dabei zahlreiche Inspektions-, \u00dcberwachungs- und Pr\u00fcfdienste \u00fcber alle Stufen der Wertsch\u00f6pfungskette hinweg f\u00fcr mehr Sicherheit, mehr Effizienz und mehr Qualit\u00e4t.<\/span><\/p>\n<p>&nbsp;<\/p>\n<ul style=\"text-align: justify\">\n<li><span style=\"font-family: arial, helvetica, sans-serif;color: #000000\">Unsere akkreditierten Eisenbahnexperten arbeiten international zusammen und b\u00fcndeln ihre umfassenden Kenntnisse der nationalen und europ\u00e4ischen Vorschriften f\u00fcr Schienenfahrzeuge.<\/span><\/li>\n<li><span style=\"font-family: arial, helvetica, sans-serif;color: #000000\">Neben internationalen Gro\u00dfkonzernen profitieren auch bereits zahlreiche kleine und mittelst\u00e4ndische Unternehmen von unserem Know-how, die \u00fcber kein eigenes Engineering verf\u00fcgen.<\/span><\/li>\n<li><span style=\"font-family: arial, helvetica, sans-serif;color: #000000\">Auch wenn es um kleinere Bau\u00fcberwachungen, Modernisierungen, Umbauten und Abnahmen geht, unterst\u00fctzen wir Sie gern und \u00fcberall vor Ort.<\/span><\/li>\n<li><span style=\"font-family: arial, helvetica, sans-serif;color: #000000\">Unsere Service-Leistungen im Bereich Sachverst\u00e4ndige und Inspektoren f\u00fcr Schienenfahrzeuge werden kontinuierlich weiter ausgebaut<\/span><\/li>\n<li><span style=\"font-family: arial, helvetica, sans-serif;color: #000000\">Dank unseres international bew\u00e4hrten und schnellen Rundum- Service k\u00f6nnen Sie darauf vertrauen, dass die Rechtsicherheit f\u00fcr Ihren Betrieb jederzeit gew\u00e4hrleistet ist.<\/span><\/li>\n<\/ul>\n<p>&nbsp;<\/p>\n<p style=\"text-align: justify\"><span style=\"font-family: arial, helvetica, sans-serif;color: #000000\">Wir bei SGS bieten Ihnen diese und zahlreiche andere Pr\u00fcfleistungen aus einer Hand. Die SGS Industries &amp; Environment ist Teil der weltweit aktiven SGS Gruppe und als Bahn-Kompetenzzentrum auf die Verifizierung und Zertifizierung neuer, modernisierter und modifizierter Schienenfahrzeuge spezialisiert. Unsere Experten sind au\u00dferdem erfahren bei technischen Bewertungen, Inspektionen und Pr\u00fcfungen von Produkten und Prozessen im gesamten Bereich des Schienen- und Eisenbahnverkehrs. Dar\u00fcber hinaus bieten wir auch Beratung bei der Instandhaltung, Schulungen und strategische Beratungsdienstleistungen f\u00fcr die Schienenverkehrsindustrie an.<\/span><\/p>\n<p>&nbsp;<\/p>\n<div class=\" accordion-yjxloo style2 magee-shortcode panel-group magee-accordion accordion-spacing\" role=\"tablist\" aria-multiselectable=\"yes\" id=\"accordion-yjxloo\"> <div class=\"panel panel-default \" id=\"panelaccordion-yjxloo-1\"><div class=\"panel-heading\" role=\"tab\" id=\"headingcollapseaccordion-yjxloo-1\">\r\n\t\t\t\t<a class=\"accordion-toggle collapsed\" data-toggle=\"collapse\" data-parent=\"#accordion-yjxloo\" href=\"#collapseaccordion-yjxloo-1\" aria-expanded=\"false\" aria-controls=\"collapseaccordion-yjxloo-1\">\r\n\t\t\t\t\t<h4 class=\"panel-title\">\r\n\t\t\t\t\t\t\tSGS IN DEUTSCHLAND\r\n\t\t\t\t\t<\/h4>\r\n\t\t\t\t<\/a>\r\n\t\t\t<\/div>\r\n\t\t\t<div id=\"collapseaccordion-yjxloo-1\" class=\"panel-collapse collapse \" role=\"tabpanel\" aria-labelledby=\"headingcollapseaccordion-yjxloo-1\" aria-expanded=\"false\">\r\n\t\t\t\t<div class=\"panel-body\">\r\n\t\t\t\t\t\n<div data-post-id=\"96\" class=\"insert-page insert-page-96 \"><h4>WER WIR SIND<\/h4>\n<p>In Deutschland ist die SGS-Gruppe seit 1920 aktiv und bundesweit mit mehr als 4.000 Mitarbeitern an \u00fcber 50 Standorten pr\u00e4sent. Zu ihr geh\u00f6ren auch die SGS INSTITUT FRESENIUS GmbH, die SGS-T\u00dcV Saar GmbH, die SGS Analytics GmbH und die SGS Germany GmbH. Im Auftrag von Herstellern, H\u00e4ndlern oder Regierungen sorgt die SGS mit zahlreichen Inspektions-, \u00dcberwachungs- und Pr\u00fcfdiensten \u00fcber alle Stufen der Wertsch\u00f6pfungskette hinweg f\u00fcr mehr Sicherheit, mehr Effizienz und mehr Qualit\u00e4t.<\/p>\n<\/div>\n\r\n\t\t\t\t\t<div class=\"clear\"><\/div>\r\n\t\t\t\t<\/div>\r\n\t\t\t<\/div>\r\n\t\t<\/div> <\/div>\n<p>&nbsp;<\/p>\n<p>&nbsp;<\/p>\n<div class=\" accordion-i4pcoo style2 magee-shortcode panel-group magee-accordion accordion-spacing\" role=\"tablist\" aria-multiselectable=\"yes\" id=\"accordion-i4pcoo\"> <div class=\"panel panel-default \" id=\"panelaccordion-i4pcoo-1\"><div class=\"panel-heading\" role=\"tab\" id=\"headingcollapseaccordion-i4pcoo-1\">\r\n\t\t\t\t<a class=\"accordion-toggle collapsed\" data-toggle=\"collapse\" data-parent=\"#accordion-i4pcoo\" href=\"#collapseaccordion-i4pcoo-1\" aria-expanded=\"false\" aria-controls=\"collapseaccordion-i4pcoo-1\">\r\n\t\t\t\t\t<h4 class=\"panel-title\">\r\n\t\t\t\t\t\t\tVON A WIE AUDIT BIS Z WIE ZERTIFIKAT\r\n\t\t\t\t\t<\/h4>\r\n\t\t\t\t<\/a>\r\n\t\t\t<\/div>\r\n\t\t\t<div id=\"collapseaccordion-i4pcoo-1\" class=\"panel-collapse collapse \" role=\"tabpanel\" aria-labelledby=\"headingcollapseaccordion-i4pcoo-1\" aria-expanded=\"false\">\r\n\t\t\t\t<div class=\"panel-body\">\r\n\t\t\t\t\t\n<div data-post-id=\"100\" class=\"insert-page insert-page-100 \"><h4>WAS WIR TUN<\/h4>\n<p>Landwirtschaft und Lebensmittel, Luft- und Raumfahrt, Pharmaindustrie oder Energiesektor: Wir sind Partner aller wichtigen Branchen. Unsere Labore z\u00e4hlen zu den europaweit f\u00fchrenden Anbietern f\u00fcr nicht-medizinische Analytik. Gerade bei der Sicherheit und Qualit\u00e4t von Lebensmitteln, Getr\u00e4nken und Verbraucherprodukten genie\u00dfen wir einen ausgezeichneten Ruf. Seit vielen Jahrzehnten zeichnet SGS Institut Fresenius hochwertige Produkte mit seinem begehrten Qualit\u00e4tssiegel aus.<\/p>\n<p>&nbsp;<\/p>\n<p>Die technische Kompetenz der SGS-Gruppe hat den industriellen Fortschritt in Deutschland seit fast hundert Jahren mitgepr\u00e4gt. Unsere Inspektionen und zerst\u00f6rungsfreien Pr\u00fcfungen, unsere Gutachten und Schadensanalysen leisten einen wichtigen Beitrag zur Sicherheit von Anlagen, Produkten oder Verfahren. Aber auch f\u00fcr wichtige Zukunftsthemen haben unsere Sachverst\u00e4ndigen L\u00f6sungen \u2013 sei es f\u00fcr den Einsatz erneuerbarer Energien, f\u00fcr mehr Ressourceneffizienz oder die Elektromobilit\u00e4t.<\/p>\n<\/div>\n\r\n\t\t\t\t\t<div class=\"clear\"><\/div>\r\n\t\t\t\t<\/div>\r\n\t\t\t<\/div>\r\n\t\t<\/div> <\/div>\n<p>&nbsp;<\/p>\n<p style=\"text-align: right\"><span style=\"color: #ffffff\">.<\/span><\/p>\n<hr \/>\n<p style=\"text-align: right\"><span style=\"color: #ffffff\">.<\/span><\/p>\n<p style=\"text-align: right\"><span style=\"color: #ffffff\">.<\/span><\/p>\n<section class=\" magee-shortcode section magee-section section-gwh97o\" id=\"\"> <div class=\"section-content\"><div class=\"container-fullwidth\"><\/p>\n<p>&nbsp;<\/p>\n<div data-post-id=\"1803\" class=\"insert-page insert-page-1803 \"><h4>Unsere KOMMUNIKATIONSKAN\u00c4LE<\/h4>\n<h4>&#8211; So k\u00f6nnen Sie uns schnell erreichen:<\/h4>\n<p>&nbsp;<\/p>\n<div class=\" accordion-w2kgrd style2 magee-shortcode panel-group magee-accordion accordion-spacing\" role=\"tablist\" aria-multiselectable=\"yes\" id=\"accordion-w2kgrd\"> <div class=\"panel panel-default \" id=\"panelaccordion-w2kgrd-1\"><div class=\"panel-heading\" role=\"tab\" id=\"headingcollapseaccordion-w2kgrd-1\">\r\n\t\t\t\t<a class=\"accordion-toggle \" data-toggle=\"collapse\" data-parent=\"#accordion-w2kgrd\" href=\"#collapseaccordion-w2kgrd-1\" aria-expanded=\"true\" aria-controls=\"collapseaccordion-w2kgrd-1\">\r\n\t\t\t\t\t<h4 class=\"panel-title\">\r\n\t\t\t\t\t\t\tSCHNELLER KONTAKT SGS RAIL\r\n\t\t\t\t\t<\/h4>\r\n\t\t\t\t<\/a>\r\n\t\t\t<\/div>\r\n\t\t\t<div id=\"collapseaccordion-w2kgrd-1\" class=\"panel-collapse collapse in\" role=\"tabpanel\" aria-labelledby=\"headingcollapseaccordion-w2kgrd-1\" aria-expanded=\"true\">\r\n\t\t\t\t<div class=\"panel-body\">\r\n\t\t\t\t\t\n<p>&nbsp;<\/p>\n<p style=\"padding-left: 40px\"><a class=\"fasc-button fasc-size-large fasc-type-popout fasc-rounded-medium ico-fa fasc-ico-before fa-phone-square fasc-style-bold\" style=\"background-color: #ff6600;color: #ffffff\" href=\"tel:+494030101218\">&nbsp; TELEFON:&nbsp; +49 40 30101-218<\/a><\/p>\n<p>&nbsp;<\/p>\n<p style=\"padding-left: 40px\"><a class=\"fasc-button fasc-size-large fasc-type-popout fasc-rounded-medium ico-fa fasc-ico-before fa-envelope-o fasc-style-bold\" style=\"background-color: #ff6600;color: #ffffff\" href=\"mailto:de.industrie@sgs.com\">&nbsp; E-MAIL: de.industrie@sgs.com<\/a><\/p>\n\r\n\t\t\t\t\t<div class=\"clear\"><\/div>\r\n\t\t\t\t<\/div>\r\n\t\t\t<\/div>\r\n\t\t<\/div> <\/div>\n<p>&nbsp;<\/p>\n<p style=\"text-align: right\"><span style=\"color: #ffffff\">.<\/span><\/p>\n<\/div>\n<p>&nbsp;<\/p>\n<p>\u00a0<\/div><\/div> <\/section>\n<p>&nbsp;<\/p>\n<\/div>\n<\/div>\n<p>&nbsp;<\/p>\n<p style=\"text-align: right;\">.<\/p>\n","protected":false},"excerpt":{"rendered":"<p>&nbsp; &nbsp; &nbsp; &nbsp; .<\/p>\n","protected":false},"author":4,"featured_media":0,"parent":0,"menu_order":1,"comment_status":"closed","ping_status":"closed","template":"","meta":{"footnotes":""},"categories":[37],"tags":[227],"class_list":["post-15","page","type-page","status-publish","hentry","category-unternehmensprofil","tag-page-switch-01"],"_links":{"self":[{"href":"https:\/\/lieferanten-verzeichnis.info\/sgs-tuev-saar\/wp-json\/wp\/v2\/pages\/15","targetHints":{"allow":["GET"]}}],"collection":[{"href":"https:\/\/lieferanten-verzeichnis.info\/sgs-tuev-saar\/wp-json\/wp\/v2\/pages"}],"about":[{"href":"https:\/\/lieferanten-verzeichnis.info\/sgs-tuev-saar\/wp-json\/wp\/v2\/types\/page"}],"author":[{"embeddable":true,"href":"https:\/\/lieferanten-verzeichnis.info\/sgs-tuev-saar\/wp-json\/wp\/v2\/users\/4"}],"replies":[{"embeddable":true,"href":"https:\/\/lieferanten-verzeichnis.info\/sgs-tuev-saar\/wp-json\/wp\/v2\/comments?post=15"}],"version-history":[{"count":133,"href":"https:\/\/lieferanten-verzeichnis.info\/sgs-tuev-saar\/wp-json\/wp\/v2\/pages\/15\/revisions"}],"predecessor-version":[{"id":2635,"href":"https:\/\/lieferanten-verzeichnis.info\/sgs-tuev-saar\/wp-json\/wp\/v2\/pages\/15\/revisions\/2635"}],"wp:attachment":[{"href":"https:\/\/lieferanten-verzeichnis.info\/sgs-tuev-saar\/wp-json\/wp\/v2\/media?parent=15"}],"wp:term":[{"taxonomy":"category","embeddable":true,"href":"https:\/\/lieferanten-verzeichnis.info\/sgs-tuev-saar\/wp-json\/wp\/v2\/categories?post=15"},{"taxonomy":"post_tag","embeddable":true,"href":"https:\/\/lieferanten-verzeichnis.info\/sgs-tuev-saar\/wp-json\/wp\/v2\/tags?post=15"}],"curies":[{"name":"wp","href":"https:\/\/api.w.org\/{rel}","templated":true}]}}