{"id":1379,"date":"2022-08-31T11:14:11","date_gmt":"2022-08-31T09:14:11","guid":{"rendered":"https:\/\/lieferanten-verzeichnis.info\/sgs-tuev-saar\/?page_id=1379"},"modified":"2022-09-04T11:08:06","modified_gmt":"2022-09-04T09:08:06","slug":"mitgliedschaften","status":"publish","type":"page","link":"https:\/\/lieferanten-verzeichnis.info\/sgs-tuev-saar\/mitgliedschaften\/","title":{"rendered":"MITGLIEDSCHAFTEN"},"content":{"rendered":"<div data-post-id=\"2218\" class=\"insert-page insert-page-2218 \"><div data-post-id=\"1513\" class=\"insert-page insert-page-1513 \"><div data-post-id=\"1370\" class=\"insert-page insert-page-1370 \"><h4>Mitgliedschaft in VERB\u00c4NDEN<\/h4>\n<h4>und fachlich relevanten ARBEITSKREISEN:<\/h4>\n<p style=\"text-align: right\"><span style=\"color: #ffffff\">.<\/span><\/p>\n<p style=\"text-align: right\"><span style=\"color: #ffffff\">.<\/span><\/p>\n<div class=\" accordion-rpbltr style2 magee-shortcode panel-group magee-accordion accordion-boxed\" role=\"tablist\" aria-multiselectable=\"yes\" id=\"accordion-rpbltr\"> <div class=\"panel panel-default \" id=\"panelaccordion-rpbltr-1\"><div class=\"panel-heading\" role=\"tab\" id=\"headingcollapseaccordion-rpbltr-1\">\r\n\t\t\t\t<a class=\"accordion-toggle \" data-toggle=\"collapse\" data-parent=\"#accordion-rpbltr\" href=\"#collapseaccordion-rpbltr-1\" aria-expanded=\"true\" aria-controls=\"collapseaccordion-rpbltr-1\">\r\n\t\t\t\t\t<h4 class=\"panel-title\">\r\n\t\t\t\t\t\t\t(+) FACHVERB\u00c4NDE\r\n\t\t\t\t\t<\/h4>\r\n\t\t\t\t<\/a>\r\n\t\t\t<\/div>\r\n\t\t\t<div id=\"collapseaccordion-rpbltr-1\" class=\"panel-collapse collapse in\" role=\"tabpanel\" aria-labelledby=\"headingcollapseaccordion-rpbltr-1\" aria-expanded=\"true\">\r\n\t\t\t\t<div class=\"panel-body\">\r\n\t\t\t\t\t\n<div data-post-id=\"380\" class=\"insert-page insert-page-380 \"><p>&nbsp;<\/p>\n<section class=\" magee-shortcode section magee-section section-2o4sdo\" id=\"\"> <div class=\"section-content\"><div class=\"container-fullwidth\"><\/p>\n<p>&nbsp;<\/p>\n\r\n\t\t<div class=\"magee-expand \" id=\"\" data-less-icon=\" fa-minus-circle \" data-less-icon-color=\"\" data-less-text=\"\" data-more-icon=\"fa-plus-circle\" data-more-icon-color=\"\" data-more-text=\"BAHNVERBAND e.V.\">\r\n            <div class=\"expand-control control-ahggc9\"><i class=\"fa fa-plus-circle\" style=\"color:;\"><\/i> BAHNVERBAND e.V.<\/div>\r\n\t\t\t\t<div class=\"expand-content\" style=\"display:none;\">\r\n\t\t\t\t\t\n<p><a href=\"https:\/\/bahnverband.info\/musterfirma_gmbh\/\" target=\"_blank\" rel=\"noopener\"><img loading=\"lazy\" decoding=\"async\" class=\"aligncenter\" src=\"https:\/\/bahnverband.info\/fileserver\/bahnverband-logo\/bahnverband-ev-logo-circle-1200px.png\" width=\"399\" height=\"398\"><\/a><\/p>\n<p style=\"text-align: center\"><a class=\"fasc-button fasc-size-large fasc-type-flat fasc-rounded-medium fasc-style-bold\" style=\"background-color: #ff0000;color: #ffffff\" target=\"_blank\" rel=\"nofollow noopener\" href=\"https:\/\/bahnverband.info\/\">https:\/\/bahnverband.info<\/a><\/p>\n<p>&nbsp;<\/p>\n<h4>BAHNVERBAND e.V.<\/h4>\n<p style=\"text-align: right\"><span style=\"color: #ffffff\">.<\/span><\/p>\n<blockquote>\n<p>Der <b>BAHNVERBAND e. V.<\/b> ist der interdisziplin\u00e4re Fachverband f\u00fcr die gesamte Bahnbranche in Deutschland, \u00d6sterreich und der Schweiz.<\/p>\n<p>In ihm sind Akteure der Bahntechnik, des Transportsektors sowie der Verkehrspolitik zusammengeschlossen.<\/p>\n<p>Er dient der Bahn- und Verkehrsbranche als <strong>FIRMEN-NETZWERK<\/strong> f\u00fcr kompetente Unternehmen aus allen Teilbereichen der Bahnbranche.<\/p>\n<p>Er wirkt zudem als <strong>PERSONEN-NETZWERK<\/strong> der relevanten Akteure der Bahntechnik, des Transportsektors sowie der Verkehrspolitik.<\/p>\n<p>Homepage &gt;&gt;&gt; <span style=\"text-decoration: underline\"><strong><a href=\"https:\/\/Bahnverband.info\/\" target=\"_blank\" rel=\"noopener\">Bahnverband.info<\/a><\/strong><\/span><\/p>\n<\/blockquote>\n<p>&nbsp;<\/p>\n<p>&nbsp;<\/p>\n\r\n\t\t\t\t<\/div>\r\n\t\t\t<\/div>\n<p>&nbsp;<\/div><\/div> <\/section>\n<p style=\"text-align: right\"><span style=\"color: #ffffff\">.<\/span><\/p>\n<p>&nbsp;<\/p>\n<p style=\"text-align: right\"><span style=\"color: #ffffff\">.<\/span><\/p>\n<section class=\" magee-shortcode section magee-section section-qs8hty\" id=\"\"> <div class=\"section-content\"><div class=\"container-fullwidth\"><\/p>\n<p>&nbsp;<\/p>\n\r\n\t\t<div class=\"magee-expand \" id=\"\" data-less-icon=\" fa-minus-circle \" data-less-icon-color=\"\" data-less-text=\"\" data-more-icon=\"fa-plus-circle\" data-more-icon-color=\"\" data-more-text=\"Kompetenznetz Rail Berlin-Brandenburg GmbH\">\r\n            <div class=\"expand-control control-wvzhbg\"><i class=\"fa fa-plus-circle\" style=\"color:;\"><\/i> Kompetenznetz Rail Berlin-Brandenburg GmbH<\/div>\r\n\t\t\t\t<div class=\"expand-content\" style=\"display:none;\">\r\n\t\t\t\t\t\n<p>&nbsp;<\/p>\n<p style=\"text-align: center\"><a class=\"fasc-button fasc-size-xlarge fasc-type-flat fasc-rounded-medium fasc-style-bold\" style=\"background-color: #6d8127;color: #ffffff\" target=\"_blank\" rel=\"nofollow noopener\" href=\"https:\/\/www.knrbb-gmbh.de\/\">knrbb-gmbh.de<\/a><\/p>\n<p>&nbsp;<\/p>\n<h4><strong>Kompetenznetz Rail Berlin-Brandenburg GmbH<\/strong><\/h4>\n<p>&nbsp;<\/p>\n\r\n\t\t\t\t<\/div>\r\n\t\t\t<\/div>\n<p>&nbsp;<\/div><\/div> <\/section>\n<p>&nbsp;<\/p>\n<p>&nbsp;<\/p>\n<\/div>\n\r\n\t\t\t\t\t<div class=\"clear\"><\/div>\r\n\t\t\t\t<\/div>\r\n\t\t\t<\/div>\r\n\t\t<\/div> <\/div>\n<p>&nbsp;<\/p>\n<p>&nbsp;<\/p>\n<p><span style=\"color: #ffffff\">.<\/span><\/p>\n<hr \/>\n<p><span style=\"color: #ffffff\">.<\/span><\/p>\n<p><span style=\"color: #ffffff\">.<\/span><\/p>\n<div class=\" accordion-rafjxm style2 magee-shortcode panel-group magee-accordion accordion-boxed\" role=\"tablist\" aria-multiselectable=\"yes\" id=\"accordion-rafjxm\"> <div class=\"panel panel-default \" id=\"panelaccordion-rafjxm-1\"><div class=\"panel-heading\" role=\"tab\" id=\"headingcollapseaccordion-rafjxm-1\">\r\n\t\t\t\t<a class=\"accordion-toggle collapsed\" data-toggle=\"collapse\" data-parent=\"#accordion-rafjxm\" href=\"#collapseaccordion-rafjxm-1\" aria-expanded=\"false\" aria-controls=\"collapseaccordion-rafjxm-1\">\r\n\t\t\t\t\t<h4 class=\"panel-title\">\r\n\t\t\t\t\t\t\t(+) ARBEITSKREISE\r\n\t\t\t\t\t<\/h4>\r\n\t\t\t\t<\/a>\r\n\t\t\t<\/div>\r\n\t\t\t<div id=\"collapseaccordion-rafjxm-1\" class=\"panel-collapse collapse \" role=\"tabpanel\" aria-labelledby=\"headingcollapseaccordion-rafjxm-1\" aria-expanded=\"false\">\r\n\t\t\t\t<div class=\"panel-body\">\r\n\t\t\t\t\t\n<div data-post-id=\"382\" class=\"insert-page insert-page-382 \"><p>&nbsp;<\/p>\n<p>&nbsp;<\/p>\n<section class=\" magee-shortcode section magee-section section-efc4nr\" id=\"\"> <div class=\"section-content\"><div class=\"container-fullwidth\"><\/p>\n\r\n\t\t<div class=\"magee-expand \" id=\"\" data-less-icon=\" fa-minus-circle \" data-less-icon-color=\"\" data-less-text=\"\" data-more-icon=\"fa-plus-circle\" data-more-icon-color=\"\" data-more-text=\"Arbeitskreis KLIMATECHNIK\">\r\n            <div class=\"expand-control control-vbfknm\"><i class=\"fa fa-plus-circle\" style=\"color:;\"><\/i> Arbeitskreis KLIMATECHNIK<\/div>\r\n\t\t\t\t<div class=\"expand-content\" style=\"display:none;\">\r\n\t\t\t\t\t\n<p>&nbsp;<\/p>\n<h4>ARBEITSKREIS: <strong>Bahn-Klimatechnik<\/strong><\/h4>\n<p><img loading=\"lazy\" decoding=\"async\" class=\"aligncenter\" src=\"http:\/\/www.railway-network.eu\/fileserver\/arbeitskreis-vignetten\/arbeitskreis-klimatechnik-1200info.png\" width=\"758\" height=\"536\" \/><\/p>\n<p>&nbsp;<\/p>\n<p>&nbsp;<\/p>\n\r\n\t\t\t\t<\/div>\r\n\t\t\t<\/div><\/div><\/div> <\/section>\n<p>&nbsp;<\/p>\n<p style=\"text-align: right;\"><span style=\"color: #ffffff;\">.<\/span><span style=\"color: #ffffff;\">.<\/span><\/p>\n<p>&nbsp;<\/p>\n<section class=\" magee-shortcode section magee-section section-ddil8x\" id=\"\"> <div class=\"section-content\"><div class=\"container-fullwidth\"><\/p>\n\r\n\t\t<div class=\"magee-expand \" id=\"\" data-less-icon=\" fa-minus-circle \" data-less-icon-color=\"\" data-less-text=\"\" data-more-icon=\"fa-plus-circle\" data-more-icon-color=\"\" data-more-text=\"Arbeitskreis BAHNTECHNIK\">\r\n            <div class=\"expand-control control-5bsm6g\"><i class=\"fa fa-plus-circle\" style=\"color:;\"><\/i> Arbeitskreis BAHNTECHNIK<\/div>\r\n\t\t\t\t<div class=\"expand-content\" style=\"display:none;\">\r\n\t\t\t\t\t\n<h4>ARBEITSKREIS: <strong>Bahn-TECHNIK <br \/>\n<\/strong><\/h4>\n<p><img loading=\"lazy\" decoding=\"async\" class=\"aligncenter\" src=\"http:\/\/www.railway-network.eu\/fileserver\/arbeitskreis-vignetten\/arbeitskreis-klimatechnik-1200info.png\" width=\"758\" height=\"536\" \/><\/p>\n<p>&nbsp;<\/p>\n\r\n\t\t\t\t<\/div>\r\n\t\t\t<\/div>\n<p><\/div><\/div> <\/section>\n<p>&nbsp;<\/p>\n<p>&nbsp;<\/p>\n<p>&nbsp;<\/p>\n<\/div>\n\r\n\t\t\t\t\t<div class=\"clear\"><\/div>\r\n\t\t\t\t<\/div>\r\n\t\t\t<\/div>\r\n\t\t<\/div> <\/div>\n<p>&nbsp;<\/p>\n<p><span style=\"color: #ffffff\">.<\/span><\/p>\n<p><span style=\"color: #ffffff\">.<\/span><\/p>\n<p>&nbsp;<\/p>\n<p>&nbsp;<\/p>\n<p>&nbsp;<\/p>\n<\/div>\n<p>&nbsp;<\/p>\n<hr \/>\n<p><span style=\"font-size: 8pt\"><a href=\"https:\/\/lieferanten-verzeichnis.info\/sgs-tuev-saar\/\">Startseite<\/a> : MITGLIEDSCHAFTEN<br \/>\n<\/span><\/p>\n<hr \/>\n<p>&nbsp;<\/p>\n<\/div>\n<\/div>\n","protected":false},"excerpt":{"rendered":"","protected":false},"author":4,"featured_media":0,"parent":0,"menu_order":31,"comment_status":"closed","ping_status":"closed","template":"","meta":{"footnotes":""},"categories":[27,147],"tags":[225],"class_list":["post-1379","page","type-page","status-publish","hentry","category-informationsangebot","category-mitgliedschaft","tag-page-switch-31"],"_links":{"self":[{"href":"https:\/\/lieferanten-verzeichnis.info\/sgs-tuev-saar\/wp-json\/wp\/v2\/pages\/1379","targetHints":{"allow":["GET"]}}],"collection":[{"href":"https:\/\/lieferanten-verzeichnis.info\/sgs-tuev-saar\/wp-json\/wp\/v2\/pages"}],"about":[{"href":"https:\/\/lieferanten-verzeichnis.info\/sgs-tuev-saar\/wp-json\/wp\/v2\/types\/page"}],"author":[{"embeddable":true,"href":"https:\/\/lieferanten-verzeichnis.info\/sgs-tuev-saar\/wp-json\/wp\/v2\/users\/4"}],"replies":[{"embeddable":true,"href":"https:\/\/lieferanten-verzeichnis.info\/sgs-tuev-saar\/wp-json\/wp\/v2\/comments?post=1379"}],"version-history":[{"count":9,"href":"https:\/\/lieferanten-verzeichnis.info\/sgs-tuev-saar\/wp-json\/wp\/v2\/pages\/1379\/revisions"}],"predecessor-version":[{"id":1851,"href":"https:\/\/lieferanten-verzeichnis.info\/sgs-tuev-saar\/wp-json\/wp\/v2\/pages\/1379\/revisions\/1851"}],"wp:attachment":[{"href":"https:\/\/lieferanten-verzeichnis.info\/sgs-tuev-saar\/wp-json\/wp\/v2\/media?parent=1379"}],"wp:term":[{"taxonomy":"category","embeddable":true,"href":"https:\/\/lieferanten-verzeichnis.info\/sgs-tuev-saar\/wp-json\/wp\/v2\/categories?post=1379"},{"taxonomy":"post_tag","embeddable":true,"href":"https:\/\/lieferanten-verzeichnis.info\/sgs-tuev-saar\/wp-json\/wp\/v2\/tags?post=1379"}],"curies":[{"name":"wp","href":"https:\/\/api.w.org\/{rel}","templated":true}]}}