{"id":1255,"date":"2022-08-30T11:30:46","date_gmt":"2022-08-30T09:30:46","guid":{"rendered":"https:\/\/lieferanten-verzeichnis.info\/sgs-tuev-saar\/?page_id=1255"},"modified":"2022-09-04T11:10:03","modified_gmt":"2022-09-04T09:10:03","slug":"unternehmensdaten","status":"publish","type":"page","link":"https:\/\/lieferanten-verzeichnis.info\/sgs-tuev-saar\/unternehmensdaten\/","title":{"rendered":"UNTERNEHMENSDATEN"},"content":{"rendered":"<div data-post-id=\"2213\" class=\"insert-page insert-page-2213 \"><div data-post-id=\"2040\" class=\"insert-page insert-page-2040 \"><h4>Unternehmensdaten<\/h4>\n<p style=\"text-align: right\"><span style=\"color: #ffffff\">.<\/span><\/p>\n<hr>\n<p style=\"text-align: right\"><span style=\"color: #ffffff\">.<\/span><\/p>\n<p>&nbsp;<\/p>\n<section class=\" magee-shortcode section magee-section section-oqr1bf\" id=\"\"> <div class=\"section-content\"><div class=\"container-fullwidth\"><\/p>\n\r\n\t\t<div class=\"magee-expand \" id=\"\" data-less-icon=\"fa-minus-square\" data-less-icon-color=\"\" data-less-text=\"\" data-more-icon=\"fa-plus-square\" data-more-icon-color=\"\" data-more-text=\"Unternehmen: SGS Germany GmbH\">\r\n            <div class=\"expand-control control-3xdbzp\"><i class=\"fa fa-plus-square\" style=\"color:;\"><\/i> Unternehmen: SGS Germany GmbH<\/div>\r\n\t\t\t\t<div class=\"expand-content\" style=\"display:none;\">\r\n\t\t\t\t\t\n<p>&nbsp;<\/p>\n<p>&nbsp;<\/p>\n<p><a class=\"fasc-button fasc-size-xlarge fasc-type-popout fasc-rounded-medium fasc-ico-before dashicons-welcome-widgets-menus fasc-style-bold\" style=\"background-color: #ff6600;color: #ffffff\" target=\"_blank\" rel=\"noopener\" href=\"https:\/\/www.sgsgroup.de\/de-de\/our-company\/about-sgs\/sgs-in-brief\">SGS Deutschland<\/a><\/p>\n<p>&nbsp;<\/p>\n\r\n\t\t\t\t<\/div>\r\n\t\t\t<\/div>&nbsp;<\/div><\/div> <\/section>\n<p style=\"text-align: right\"><span style=\"color: #ffffff\">.<\/span><\/p>\n<p style=\"text-align: right\"><span style=\"color: #ffffff\">.<\/span><\/p>\n<section class=\" magee-shortcode section magee-section section-killkc\" id=\"\"> <div class=\"section-content\"><div class=\"container-fullwidth\"><\/p>\n\r\n\t\t<div class=\"magee-expand \" id=\"\" data-less-icon=\"fa-minus-square\" data-less-icon-color=\"\" data-less-text=\"\" data-more-icon=\"fa-plus-square\" data-more-icon-color=\"\" data-more-text=\"Unternehmen: SGS-T\u00dcV Saar GmbH\">\r\n            <div class=\"expand-control control-5d8vuw\"><i class=\"fa fa-plus-square\" style=\"color:;\"><\/i> Unternehmen: SGS-T\u00dcV Saar GmbH<\/div>\r\n\t\t\t\t<div class=\"expand-content\" style=\"display:none;\">\r\n\t\t\t\t\t\n<p>&nbsp;<\/p>\n<p>&nbsp;<\/p>\n<p><a class=\"fasc-button fasc-size-xlarge fasc-type-popout fasc-rounded-medium fasc-ico-before dashicons-welcome-widgets-menus fasc-style-bold\" style=\"background-color: #005091;color: #ffffff\" target=\"_blank\" rel=\"noopener\" href=\"https:\/\/www.sgs-tuev-saar.com\/de\/ueber-uns.html\">SGS-T\u00dcV Saar<\/a><\/p>\n<p>&nbsp;<\/p>\n\r\n\t\t\t\t<\/div>\r\n\t\t\t<\/div>&nbsp;<\/div><\/div> <\/section>\n<p style=\"text-align: right\"><span style=\"color: #ffffff\">.<\/span><\/p>\n<p style=\"text-align: right\"><span style=\"color: #ffffff\">.<\/span><\/p>\n<section class=\" magee-shortcode section magee-section section-0pitsh\" id=\"\"> <div class=\"section-content\"><div class=\"container-fullwidth\"><\/p>\n\r\n\t\t<div class=\"magee-expand \" id=\"\" data-less-icon=\"fa-minus-square\" data-less-icon-color=\"\" data-less-text=\"\" data-more-icon=\"fa-plus-square\" data-more-icon-color=\"\" data-more-text=\"REGISTERDATEN (Handelsregister, Unternehmensbuch)\">\r\n            <div class=\"expand-control control-f5oi4r\"><i class=\"fa fa-plus-square\" style=\"color:;\"><\/i> REGISTERDATEN (Handelsregister, Unternehmensbuch)<\/div>\r\n\t\t\t\t<div class=\"expand-content\" style=\"display:none;\">\r\n\t\t\t\t\t\n<div data-post-id=\"2043\" class=\"insert-page insert-page-2043 \"><p>&nbsp;<\/p>\n<h3>Handelsregister<\/h3>\n<p style=\"text-align: right\"><span style=\"color: #ffffff\">.<\/span><\/p>\n<div id=\"dc_dcb_selectable2\" style=\"padding-left: 40px\"><span style=\"text-decoration: underline\"><strong>\t\tSGS-T\u00dcV Saar GmbH<\/strong><\/span><\/div>\n<p>&nbsp;<\/p>\n<ul>\n<li>SGS-T\u00dcV Saar GmbH<br \/>\nAm T\u00dcV 1<br \/>\nD-66280 Sulzbach<br \/>\nt +49 6897 506 &#8211; 60<br \/>\nf +49 6897 506 &#8211; 102<br \/>\n<span id=\"cloakddf6e3a6d6ea4413c289683245934a0a\"><a href=\"mailto:info@sgs-tuev.de\">info@sgs-tuev.de<\/a><\/span><br \/>\n<a href=\"https:\/\/www.sgs-tuev-saar.com\/de.html\">www.sgs-tuev-saar.com<\/a><\/p>\n<p>Gesch\u00e4ftsf\u00fchrung: Alida Scholtz, Alexander Hirschh\u00e4user<br \/>\nHandelsregister: Amtsgericht Saarbr\u00fccken HRB 977<br \/>\nUmsatzsteuer-Ident-Nr.: DE 812 345 251<\/li>\n<\/ul>\n<p>&nbsp;<\/p>\n<p>&nbsp;<\/p>\n<\/div>\n\r\n\t\t\t\t<\/div>\r\n\t\t\t<\/div>&nbsp;<\/div><\/div> <\/section>\n<p style=\"text-align: right\"><span style=\"color: #ffffff\">.<\/span><\/p>\n<p style=\"text-align: right\"><span style=\"color: #ffffff\">.<\/span><\/p>\n<hr>\n<p><span style=\"font-size: 8pt\"><a href=\"https:\/\/lieferanten-verzeichnis.info\/sgs-tuev-saar\/\">Startseite<\/a> : <a href=\"https:\/\/lieferanten-verzeichnis.info\/sgs-tuev-saar\/informationsangebot\/\">Informationsangebot<\/a> : <span style=\"font-size: 8pt\">Unternehmensdaten<\/span><\/span><\/p>\n<hr>\n<p>&nbsp;<\/p>\n<\/div>\n<\/div>\n","protected":false},"excerpt":{"rendered":"","protected":false},"author":4,"featured_media":0,"parent":0,"menu_order":26,"comment_status":"closed","ping_status":"closed","template":"","meta":{"footnotes":""},"categories":[27],"tags":[215],"class_list":["post-1255","page","type-page","status-publish","hentry","category-informationsangebot","tag-page-switch-26"],"_links":{"self":[{"href":"https:\/\/lieferanten-verzeichnis.info\/sgs-tuev-saar\/wp-json\/wp\/v2\/pages\/1255","targetHints":{"allow":["GET"]}}],"collection":[{"href":"https:\/\/lieferanten-verzeichnis.info\/sgs-tuev-saar\/wp-json\/wp\/v2\/pages"}],"about":[{"href":"https:\/\/lieferanten-verzeichnis.info\/sgs-tuev-saar\/wp-json\/wp\/v2\/types\/page"}],"author":[{"embeddable":true,"href":"https:\/\/lieferanten-verzeichnis.info\/sgs-tuev-saar\/wp-json\/wp\/v2\/users\/4"}],"replies":[{"embeddable":true,"href":"https:\/\/lieferanten-verzeichnis.info\/sgs-tuev-saar\/wp-json\/wp\/v2\/comments?post=1255"}],"version-history":[{"count":9,"href":"https:\/\/lieferanten-verzeichnis.info\/sgs-tuev-saar\/wp-json\/wp\/v2\/pages\/1255\/revisions"}],"predecessor-version":[{"id":1858,"href":"https:\/\/lieferanten-verzeichnis.info\/sgs-tuev-saar\/wp-json\/wp\/v2\/pages\/1255\/revisions\/1858"}],"wp:attachment":[{"href":"https:\/\/lieferanten-verzeichnis.info\/sgs-tuev-saar\/wp-json\/wp\/v2\/media?parent=1255"}],"wp:term":[{"taxonomy":"category","embeddable":true,"href":"https:\/\/lieferanten-verzeichnis.info\/sgs-tuev-saar\/wp-json\/wp\/v2\/categories?post=1255"},{"taxonomy":"post_tag","embeddable":true,"href":"https:\/\/lieferanten-verzeichnis.info\/sgs-tuev-saar\/wp-json\/wp\/v2\/tags?post=1255"}],"curies":[{"name":"wp","href":"https:\/\/api.w.org\/{rel}","templated":true}]}}