{"id":15,"date":"2022-07-12T03:20:27","date_gmt":"2022-07-12T01:20:27","guid":{"rendered":"https:\/\/lieferanten-verzeichnis.info\/railwatch\/?page_id=15"},"modified":"2022-09-07T16:21:33","modified_gmt":"2022-09-07T14:21:33","slug":"r1_unternehmensprofil","status":"publish","type":"page","link":"https:\/\/lieferanten-verzeichnis.info\/railwatch\/","title":{"rendered":"UNTERNEHMENSPROFIL"},"content":{"rendered":"<p>&nbsp;<\/p>\n<p>&nbsp;<\/p>\n<table style=\"border-collapse: collapse; width: 100%;\">\n<tbody>\n<tr>\n<td style=\"width: 5%; border-style: none; text-align: left;\">\u00a0<\/td>\n<td style=\"width: 90%; border-style: none; text-align: center;\">\n<p><a href=\"https:\/\/lieferanten-verzeichnis.info\/railwatch\/\"> <img decoding=\"async\" class=\"aligncenter\" src=\"https:\/\/technik-netzwerk.de\/fileserver-zentrale\/www.lieferanten-verzeichnis.info\/lieferanten-logos\/railwatch_logo_1000px.png\" alt=\"\" width=\"99%\" height=\"\" \/> <\/a><\/p>\n<\/td>\n<td style=\"width: 5%; border-style: none; text-align: right;\">\u00a0<\/td>\n<\/tr>\n<\/tbody>\n<\/table>\n<p>&nbsp;<\/p>\n<div data-post-id=\"2186\" class=\"insert-page insert-page-2186 \"><h1><img decoding=\"async\" class=\"\" src=\"https:\/\/www.rail-watch.com\/fileadmin\/user_upload\/bilder\/Header_Unternehmensprofil.png\" alt=\"\" width=\"99%\" \/><\/h1>\n<p>Als Datenlieferant und Software as a Service Dienstleister haben wir es uns zur Aufgabe gemacht, den Schieneng\u00fcterverkehr fl\u00e4chendeckend mit digitalen Zustandsdaten von G\u00fcterwagen zu versorgen und die Branche in die Digitalisierung zu begleiten.<\/p>\n<h2>Wie machen wir das?<\/h2>\n<p>Wir betreiben ein europaweit aktives Netzwerk an Messstationen. T\u00e4glich erfassen wir mit diesen Stationen tausende G\u00fcterwagen in Vorbeifahrt. Diese Wagen \u00fcberpr\u00fcfen wir auf ihre technischen Zust\u00e4nde und stellen diese Daten unseren Kunden zur Verf\u00fcgung. Zu unseren Kunden z\u00e4hlen unter anderem Eisenbahnverkehrsunternehmen, Wagenhalter und Industrieunternehmen mit eigenem Anschluss ans Schienennetz.\u00a0<\/p>\n<\/div>\n<p>&nbsp;<\/p>\n<p style=\"text-align: right;\">.<\/p>\n","protected":false},"excerpt":{"rendered":"<p>&nbsp; &nbsp; \u00a0 \u00a0 &nbsp; &nbsp; .<\/p>\n","protected":false},"author":4,"featured_media":0,"parent":0,"menu_order":1,"comment_status":"closed","ping_status":"closed","template":"","meta":{"footnotes":""},"categories":[37],"tags":[227],"class_list":["post-15","page","type-page","status-publish","hentry","category-unternehmensprofil","tag-page-switch-01"],"_links":{"self":[{"href":"https:\/\/lieferanten-verzeichnis.info\/railwatch\/wp-json\/wp\/v2\/pages\/15","targetHints":{"allow":["GET"]}}],"collection":[{"href":"https:\/\/lieferanten-verzeichnis.info\/railwatch\/wp-json\/wp\/v2\/pages"}],"about":[{"href":"https:\/\/lieferanten-verzeichnis.info\/railwatch\/wp-json\/wp\/v2\/types\/page"}],"author":[{"embeddable":true,"href":"https:\/\/lieferanten-verzeichnis.info\/railwatch\/wp-json\/wp\/v2\/users\/4"}],"replies":[{"embeddable":true,"href":"https:\/\/lieferanten-verzeichnis.info\/railwatch\/wp-json\/wp\/v2\/comments?post=15"}],"version-history":[{"count":136,"href":"https:\/\/lieferanten-verzeichnis.info\/railwatch\/wp-json\/wp\/v2\/pages\/15\/revisions"}],"predecessor-version":[{"id":2673,"href":"https:\/\/lieferanten-verzeichnis.info\/railwatch\/wp-json\/wp\/v2\/pages\/15\/revisions\/2673"}],"wp:attachment":[{"href":"https:\/\/lieferanten-verzeichnis.info\/railwatch\/wp-json\/wp\/v2\/media?parent=15"}],"wp:term":[{"taxonomy":"category","embeddable":true,"href":"https:\/\/lieferanten-verzeichnis.info\/railwatch\/wp-json\/wp\/v2\/categories?post=15"},{"taxonomy":"post_tag","embeddable":true,"href":"https:\/\/lieferanten-verzeichnis.info\/railwatch\/wp-json\/wp\/v2\/tags?post=15"}],"curies":[{"name":"wp","href":"https:\/\/api.w.org\/{rel}","templated":true}]}}