{"id":1433,"date":"2022-09-01T03:42:59","date_gmt":"2022-09-01T01:42:59","guid":{"rendered":"https:\/\/lieferanten-verzeichnis.info\/railwatch\/?page_id=1433"},"modified":"2022-09-04T11:08:59","modified_gmt":"2022-09-04T09:08:59","slug":"service","status":"publish","type":"page","link":"https:\/\/lieferanten-verzeichnis.info\/railwatch\/service\/","title":{"rendered":"SERVICE"},"content":{"rendered":"<div data-post-id=\"2189\" class=\"insert-page insert-page-2189 \"><h2><img loading=\"lazy\" decoding=\"async\" class=\"\" src=\"https:\/\/www.rail-watch.com\/fileadmin\/user_upload\/bilder\/Service.png\" alt=\"\" width=\"1339\" height=\"233\" \/><\/h2>\n<h2>Unser Service<\/h2>\n<p>Unser Service enth\u00e4lt die Bereitstellung unserer Daten entweder \u00fcber den Zugang zu unserem Webportal oder durch API Schnittstellen und die Einbindung in die Systeme unserer Kunden. Die von uns generierten Daten werden f\u00fcr unsere Kunden grafisch aufbereitet und je nach gebuchtem Produktumfang mit unterschiedlichem Datenumfang dargestellt.\u00a0<\/p>\n<p>Folgende Zust\u00e4nde k\u00f6nnen \u00fcber unsere Services gebucht werden: UIC-Nummernerkennung, Bremssohlendicken, Flachstellenwarnungen, Gefahrguterkennung, Radprofildaten und Ladungserkennung.\u00a0<\/p>\n<p>Bei Operatercheck-Kunden beinhaltet das Produkt den Wartungsservice der Messstation.<\/p>\n<\/div>\n","protected":false},"excerpt":{"rendered":"","protected":false},"author":4,"featured_media":0,"parent":0,"menu_order":4,"comment_status":"closed","ping_status":"closed","template":"","meta":{"footnotes":""},"categories":[17],"tags":[212],"class_list":["post-1433","page","type-page","status-publish","hentry","category-leistungsangebot","tag-page-switch-04"],"_links":{"self":[{"href":"https:\/\/lieferanten-verzeichnis.info\/railwatch\/wp-json\/wp\/v2\/pages\/1433","targetHints":{"allow":["GET"]}}],"collection":[{"href":"https:\/\/lieferanten-verzeichnis.info\/railwatch\/wp-json\/wp\/v2\/pages"}],"about":[{"href":"https:\/\/lieferanten-verzeichnis.info\/railwatch\/wp-json\/wp\/v2\/types\/page"}],"author":[{"embeddable":true,"href":"https:\/\/lieferanten-verzeichnis.info\/railwatch\/wp-json\/wp\/v2\/users\/4"}],"replies":[{"embeddable":true,"href":"https:\/\/lieferanten-verzeichnis.info\/railwatch\/wp-json\/wp\/v2\/comments?post=1433"}],"version-history":[{"count":6,"href":"https:\/\/lieferanten-verzeichnis.info\/railwatch\/wp-json\/wp\/v2\/pages\/1433\/revisions"}],"predecessor-version":[{"id":1855,"href":"https:\/\/lieferanten-verzeichnis.info\/railwatch\/wp-json\/wp\/v2\/pages\/1433\/revisions\/1855"}],"wp:attachment":[{"href":"https:\/\/lieferanten-verzeichnis.info\/railwatch\/wp-json\/wp\/v2\/media?parent=1433"}],"wp:term":[{"taxonomy":"category","embeddable":true,"href":"https:\/\/lieferanten-verzeichnis.info\/railwatch\/wp-json\/wp\/v2\/categories?post=1433"},{"taxonomy":"post_tag","embeddable":true,"href":"https:\/\/lieferanten-verzeichnis.info\/railwatch\/wp-json\/wp\/v2\/tags?post=1433"}],"curies":[{"name":"wp","href":"https:\/\/api.w.org\/{rel}","templated":true}]}}