{"id":788,"date":"2022-08-28T11:29:46","date_gmt":"2022-08-28T09:29:46","guid":{"rendered":"https:\/\/lieferanten-verzeichnis.info\/metawell\/?page_id=788"},"modified":"2022-09-04T11:07:55","modified_gmt":"2022-09-04T09:07:55","slug":"leistungsangebot","status":"publish","type":"page","link":"https:\/\/lieferanten-verzeichnis.info\/metawell\/leistungsangebot\/","title":{"rendered":"LEISTUNGSANGEBOT"},"content":{"rendered":"<div data-post-id=\"3038\" class=\"insert-page insert-page-3038 \"><h3>Gemeinsames Erarbeiten von sinnvollen Leichtbaul\u00f6sungen<\/h3>\n<p>In partnerschaftlicher Zusammenarbeit werden mit dem Kunden intelligente L\u00f6sungen erarbeitet um Wettbewerbsvorteile, wie z. B. wettbewerbsf\u00e4higere Produkte, Innovationen, eine beschleunigte Markteinf\u00fchrung, Kosteneinsparungen und Prozessoptimierungen zu generieren.<\/p>\n<p>L\u00f6sungsorientierung, Ideenreichtum und Anwendungssicherheit in Kombination mit weitreichendem Erfahrungshorizont sowie umfassende Engineering-Kompetenz, macht Metawell zu einem starken Partner im Bereich des Leichtbaus.<\/p>\n<p>F\u00fcr folgende Anwendungen im Schienenfahrzeugbau sind wir bereits t\u00e4tig.<\/p>\n<p><a class=\"fasc-button fasc-size-medium fasc-type-flat\" style=\"background-color: #e312af;color: #ffffff\" href=\"https:\/\/www.metawell.com\/anwendungen\/schienenfahrzeuge\/\">Weitere Informationen<\/a><\/p>\n<p>&nbsp;<\/p>\n<p style=\"text-align: right\"><span style=\"color: #ffffff\">.<\/span><\/p>\n<\/div>\n","protected":false},"excerpt":{"rendered":"","protected":false},"author":4,"featured_media":0,"parent":0,"menu_order":2,"comment_status":"closed","ping_status":"closed","template":"","meta":{"footnotes":""},"categories":[17],"tags":[224],"class_list":["post-788","page","type-page","status-publish","hentry","category-leistungsangebot","tag-page-switch-02"],"_links":{"self":[{"href":"https:\/\/lieferanten-verzeichnis.info\/metawell\/wp-json\/wp\/v2\/pages\/788","targetHints":{"allow":["GET"]}}],"collection":[{"href":"https:\/\/lieferanten-verzeichnis.info\/metawell\/wp-json\/wp\/v2\/pages"}],"about":[{"href":"https:\/\/lieferanten-verzeichnis.info\/metawell\/wp-json\/wp\/v2\/types\/page"}],"author":[{"embeddable":true,"href":"https:\/\/lieferanten-verzeichnis.info\/metawell\/wp-json\/wp\/v2\/users\/4"}],"replies":[{"embeddable":true,"href":"https:\/\/lieferanten-verzeichnis.info\/metawell\/wp-json\/wp\/v2\/comments?post=788"}],"version-history":[{"count":24,"href":"https:\/\/lieferanten-verzeichnis.info\/metawell\/wp-json\/wp\/v2\/pages\/788\/revisions"}],"predecessor-version":[{"id":1850,"href":"https:\/\/lieferanten-verzeichnis.info\/metawell\/wp-json\/wp\/v2\/pages\/788\/revisions\/1850"}],"wp:attachment":[{"href":"https:\/\/lieferanten-verzeichnis.info\/metawell\/wp-json\/wp\/v2\/media?parent=788"}],"wp:term":[{"taxonomy":"category","embeddable":true,"href":"https:\/\/lieferanten-verzeichnis.info\/metawell\/wp-json\/wp\/v2\/categories?post=788"},{"taxonomy":"post_tag","embeddable":true,"href":"https:\/\/lieferanten-verzeichnis.info\/metawell\/wp-json\/wp\/v2\/tags?post=788"}],"curies":[{"name":"wp","href":"https:\/\/api.w.org\/{rel}","templated":true}]}}