{"id":2100,"date":"2022-09-06T09:31:57","date_gmt":"2022-09-06T07:31:57","guid":{"rendered":"https:\/\/lieferanten-verzeichnis.info\/knorr-bremse\/?page_id=2100"},"modified":"2022-09-06T09:31:57","modified_gmt":"2022-09-06T07:31:57","slug":"videokonferenz","status":"publish","type":"page","link":"https:\/\/lieferanten-verzeichnis.info\/knorr-bremse\/videokonferenz\/","title":{"rendered":"Videokonferenz (Live-Stream)"},"content":{"rendered":"<div data-post-id=\"2708\" class=\"insert-page insert-page-2708 \"><p>VIDEOKONFERENZRAUM<\/p>\n<p>(Online-Videokonferenz \/ Livestream)<\/p>\n<p>&nbsp;<\/p>\n<div data-post-id=\"513\" class=\"insert-page insert-page-513 \"><h1><strong><span style=\"font-size: 14pt;\">Schneller Kontakt per Videokonferenz: <br \/>\n<\/span><\/strong><\/h1>\n<p>&nbsp;<\/p>\n<p>Den <a href=\"https:\/\/start.online-konferenzraum.de\/\" target=\"_blank\" rel=\"noopener\"><span style=\"background-color: #f1f1f1; color: #ff0000;\"><strong>ZUGANGSCODE<\/strong><\/span><\/a> ( = RAUMNUMMER des Videokonferenzraumes )<\/p>\n<p>k\u00f6nnen Sie von Ihrem direkten&nbsp; <span style=\"text-decoration: underline;\"><strong><a href=\"https:\/\/lieferanten-verzeichnis.info\/knorr-bremse\/ansprechpartner\/\" target=\"_blank\" rel=\"noopener\"><span style=\"background-color: #f1f1f1;\"><span style=\"color: #ff0000; text-decoration: underline;\">ANSPRECHPARTNER<\/span><\/span><\/a><\/strong><\/span> &nbsp; per Telefon oder per E-Mail erhalten.<span style=\"color: #ffffff;\">.<\/span><\/p>\n<p style=\"text-align: right;\"><span style=\"color: #ffffff;\">.<\/span><\/p>\n<hr>\n<p style=\"text-align: right;\"><span style=\"color: #ffffff;\">.<\/span><\/p>\n<p style=\"text-align: right;\"><span style=\"color: #ffffff;\">.<\/span><\/p>\n<section class=\" magee-shortcode section magee-section section-wv3dwf\" id=\"\"> <div class=\"section-content\"><div class=\"container\"><\/p>\n<p>&nbsp;<\/p>\n<div align=\"center\"><span style=\"font-family: Arial; font-size: large;\"> <a href=\"https:\/\/start.online-konferenzraum.de\/\" target=\"_blank\" rel=\"noopener\"><img loading=\"lazy\" decoding=\"async\" class=\"aligncenter\" src=\"https:\/\/technik-netzwerk.de\/fileserver-zentrale\/online-videokonferenzraum-center\/start-online-konferenzraum-de600px.png\" alt=\"\" width=\"600\" height=\"600\"><\/a> <\/span><\/div>\n<p style=\"text-align: center;\"><strong><span style=\"font-family: Arial; font-size: large;\"><a class=\"fasc-button fasc-size-medium fasc-type-flat fasc-rounded-medium fasc-style-bold\" style=\"background-color: #ff0000; color: #ffffff;\" target=\"_blank\" rel=\"nofollow noopener\" href=\"https:\/\/start.online-konferenzraum.de\/\">START &gt;&gt;&gt; Kostenloser Online-Konferenzraum (Sie ben\u00f6tigen nur eine Raumnummer als Zugangscode)<\/a><\/span><\/strong><\/p>\n<p>&nbsp;<\/p>\n<blockquote>\n\r\n\t\t<div class=\"magee-expand \" id=\"\" data-less-icon=\"fa-minus-circle\" data-less-icon-color=\"#000000\" data-less-text=\"Information (open\/close)\" data-more-icon=\"fa-plus-circle\" data-more-icon-color=\"#000000\" data-more-text=\"INFORMATION zur Videokonferenz ( Technische Hinweise - Nutzungsbedingungen)\">\r\n            <div class=\"expand-control control-x6g46l\"><i class=\"fa fa-plus-circle\" style=\"color:#000000;\"><\/i> INFORMATION zur Videokonferenz ( Technische Hinweise - Nutzungsbedingungen)<\/div>\r\n\t\t\t\t<div class=\"expand-content\" style=\"display:none;\">\r\n\t\t\t\t\t\n<p>&nbsp;<\/p>\n<p><span style=\"font-family: Arial; font-size: large;\">&nbsp;<\/span><span style=\"font-family: Arial; font-size: large;\"><strong><a href=\"https:\/\/start.online-konferenzraum.de\/\" target=\"_blank\" rel=\"noopener\">STARTEN Sie <\/a><\/strong><strong><a href=\"https:\/\/start.online-konferenzraum.de\/\" target=\"_blank\" rel=\"noopener\"> jetzt eine Videokonferenz in einem Online-Konferenzraum &#8211; KOSTENLOS bereitgestellt von TECHNIK-NETZWERK.de<\/a><\/strong><\/span><\/p>\n<ul>\n<li style=\"list-style-type: none;\">\n<ul>\n<li><span style=\"font-family: Arial; font-size: large;\"> OHNE REGISTRIERUNG (*1*)<\/span><\/li>\n<li><span style=\"font-family: Arial; font-size: large;\"> OHNE BESCHR\u00c4NKUNG DER KONFERENZDAUER ODER DER TEILNEHMERANZAHL (*2*)<\/span><\/li>\n<li><span style=\"font-family: Arial; font-size: large;\"> OHNE KOSTEN F\u00dcR DIE MITGLIEDER UND PARTNER VON TECHNIK-NETZWERK.de (*3*)<br \/>\n<\/span><\/li>\n<\/ul>\n<\/li>\n<\/ul>\n<p>&nbsp;<span style=\"font-family: Arial; font-size: large;\"><b>Welche LEISTUNGEN werden im Online-Konferenzraum KOSTENLOS geboten?<\/b><\/span><\/p>\n<ul>\n<li style=\"list-style-type: none;\">\n<ul>\n<li><span style=\"font-family: Arial; font-size: large;\"> SEHR GUTE AUDIO- und VIDEOQUALIT\u00c4T (HD-QUALITY)<\/span><\/li>\n<li><span style=\"font-family: Arial; font-size: large;\"> EINFACHER START EINES KONFERENZRAUMS MIT EINEM EINZIGEN KLICK<\/span><\/li>\n<li><span style=\"font-family: Arial; font-size: large;\"> ANDERE KONFERENZTEILNEHMER K\u00d6NNEN MIT EINEM EINFACHEN LINK EINGELADEN WERDEN.<\/span><\/li>\n<li><span style=\"font-family: Arial; font-size: large;\"> KONFERENZR\u00c4UME K\u00d6NNEN DURCH PASSWORT SOWIE DURCH EINEN WARTEBEREICH GESCH\u00dcTZT WERDEN.<\/span><\/li>\n<li><span style=\"font-family: Arial; font-size: large;\"> MEHRERE KONFERENZTEILNEHMER K\u00d6NNEN GLEICHZEITIG DEN BILDSCHIRM bzw. EINE PR\u00c4SENTATION TEILEN.<\/span><\/li>\n<li><span style=\"font-family: Arial; font-size: large;\"> NACH DEM ENDE DER KONFERENZ L\u00d6SCHT SICH DER KONFERENZRAUM &#8211; ES WERDEN KEINE TEILNEHMERDATEN GESPEICHERT.<\/span><\/li>\n<li><span style=\"font-family: Arial; font-size: large;\"> PR\u00c4SENTATIONEN UND VIDEOS K\u00d6NNEN GEZEIGT WERDEN<\/span><\/li>\n<li><span style=\"font-family: Arial; font-size: large;\"> SICHERE VIDEOKONFERENZTECHNIK DURCH H\u00d6CHSTE SICHERHEITSSTANDARDS (ENDE-ZU-ENDE-VERSCHL\u00dcSSELUNG)<\/span><\/li>\n<li><span style=\"font-family: Arial; font-size: large;\"> DATENSCHUTZFREUNDLICHE STANDARDS GEM\u00c4SS DEN DSGVO-KONFORMEN DATENSCHUTZRICHTLINIEN<\/span><\/li>\n<li><span style=\"font-family: Arial; font-size: large;\"> MADE IN GERMANY (SERVERSTANDORT IN DEUTSCHLAND)<br \/>\n&nbsp;<\/span><\/li>\n<\/ul>\n<\/li>\n<\/ul>\n<p><strong><span style=\"font-family: Arial; font-size: large;\">Gibt es EINSCHR\u00c4NKUNGEN f\u00fcr den Gastzugang?<\/span><\/strong><\/p>\n<ul>\n<li style=\"list-style-type: none;\">\n<ul>\n<li><span style=\"font-family: Arial; font-size: large;\">*1* OHNE WARTEZEIT K\u00d6NNEN SIE SOFORT DEN KONFERENZRAUM BETRETEN &#8211; Bei kostenpflichtigen Tagungen ben\u00f6tigen Sie einen pers\u00f6nlichen Zugangscode im <a href=\"https:\/\/webserver.vereine-und-verbaende.de\/webshop\/\">TICKETSHOP<\/a> <\/span><\/li>\n<li><span style=\"font-family: Arial; font-size: large;\">*2* DIE VIDEOKONFERENZSERVER K\u00d6NNEN im 24\/7 BETRIEB BIS AN DIE EMPFOHLENE KAPAZIT\u00c4TSGRENZE VON 100 PERSONEN GENUTZT WERDEN<\/span><\/li>\n<li><span style=\"font-family: Arial; font-size: large;\">*3* ALLE KOSTEN F\u00dcR DIE KONFERENZR\u00c4UME werden durch die KOOPERATIONSPARTNERSCHAFT von ONLINE-KONFERENZRAUM.de mit TECHNIK-NETZWERK.DE finanziert.<\/span><\/li>\n<\/ul>\n<\/li>\n<\/ul>\n<p style=\"text-align: right;\">_<\/p>\n\r\n\t\t\t\t<\/div>\r\n\t\t\t<\/div>\n<\/blockquote>\n<p>&nbsp;<\/p>\n<p><a href=\"https:\/\/start.online-konferenzraum.de\/\" target=\"_blank\" rel=\"noopener\"><img decoding=\"async\" class=\"aligncenter\" src=\"https:\/\/online-konferenzraum.de\/technik-netzwerk-welcome-background.png\" alt=\"\" width=\"600\" height=\"\"><\/a><\/p>\n<p><\/div><\/div> <\/section>\n<\/div>\n<p>&nbsp;<\/p>\n<div data-post-id=\"2800\" class=\"insert-page insert-page-2800 \"><p>&nbsp;<\/p>\n<p>&#8230;<\/p>\n<hr \/>\n<p><span style=\"font-size: 8pt\"><a href=\"https:\/\/lieferanten-verzeichnis.info\/knorr-bremse\/\">Startseite<\/a> : <a href=\"https:\/\/lieferanten-verzeichnis.info\/knorr-bremse\/kontakt\/\">KONTAKT<\/a><\/span><\/p>\n<hr \/>\n<p>&nbsp;<\/p>\n<\/div>\n<\/div>\n<p>&nbsp;<\/p>\n","protected":false},"excerpt":{"rendered":"<p>&nbsp;<\/p>\n","protected":false},"author":4,"featured_media":0,"parent":0,"menu_order":1,"comment_status":"closed","ping_status":"closed","template":"","meta":{"footnotes":""},"categories":[37,33],"tags":[345],"class_list":["post-2100","page","type-page","status-publish","hentry","category-unternehmensprofil","category-kontakt","tag-page-switch-45"],"_links":{"self":[{"href":"https:\/\/lieferanten-verzeichnis.info\/knorr-bremse\/wp-json\/wp\/v2\/pages\/2100","targetHints":{"allow":["GET"]}}],"collection":[{"href":"https:\/\/lieferanten-verzeichnis.info\/knorr-bremse\/wp-json\/wp\/v2\/pages"}],"about":[{"href":"https:\/\/lieferanten-verzeichnis.info\/knorr-bremse\/wp-json\/wp\/v2\/types\/page"}],"author":[{"embeddable":true,"href":"https:\/\/lieferanten-verzeichnis.info\/knorr-bremse\/wp-json\/wp\/v2\/users\/4"}],"replies":[{"embeddable":true,"href":"https:\/\/lieferanten-verzeichnis.info\/knorr-bremse\/wp-json\/wp\/v2\/comments?post=2100"}],"version-history":[{"count":1,"href":"https:\/\/lieferanten-verzeichnis.info\/knorr-bremse\/wp-json\/wp\/v2\/pages\/2100\/revisions"}],"predecessor-version":[{"id":2101,"href":"https:\/\/lieferanten-verzeichnis.info\/knorr-bremse\/wp-json\/wp\/v2\/pages\/2100\/revisions\/2101"}],"wp:attachment":[{"href":"https:\/\/lieferanten-verzeichnis.info\/knorr-bremse\/wp-json\/wp\/v2\/media?parent=2100"}],"wp:term":[{"taxonomy":"category","embeddable":true,"href":"https:\/\/lieferanten-verzeichnis.info\/knorr-bremse\/wp-json\/wp\/v2\/categories?post=2100"},{"taxonomy":"post_tag","embeddable":true,"href":"https:\/\/lieferanten-verzeichnis.info\/knorr-bremse\/wp-json\/wp\/v2\/tags?post=2100"}],"curies":[{"name":"wp","href":"https:\/\/api.w.org\/{rel}","templated":true}]}}