{"id":1425,"date":"2022-09-01T03:38:48","date_gmt":"2022-09-01T01:38:48","guid":{"rendered":"https:\/\/lieferanten-verzeichnis.info\/knorr-bremse\/?page_id=1425"},"modified":"2022-09-04T11:08:27","modified_gmt":"2022-09-04T09:08:27","slug":"produkte","status":"publish","type":"page","link":"https:\/\/lieferanten-verzeichnis.info\/knorr-bremse\/produkte\/","title":{"rendered":"PRODUKTE"},"content":{"rendered":"<div data-post-id=\"2691\" class=\"insert-page insert-page-2691 \"><div data-post-id=\"2763\" class=\"insert-page insert-page-2763 \"><h2 class=\"headline_divider\">MOBILIT\u00c4T GESTALTEN MIT INTELLIGENTEN MULTIFUNKTIONSL\u00d6SUNGEN F\u00dcR DEN SCHIENENVERKEHR<\/h2>\n<p><a class=\"fasc-button fasc-size-xlarge fasc-type-flat\" style=\"background-color: #00457e;color: #ffffff\" target=\"_blank\" href=\"https:\/\/rail.knorr-bremse.com\/de\/de\/produkte\/\" rel=\"noopener\">Knorr-Bremse Produktvielfalt<\/a><\/p>\n<hr>\n<p><span style=\"font-size: 8pt\"><a href=\"https:\/\/lieferanten-verzeichnis.info\/knorr-bremse\/\">Startseite<\/a><\/span><span style=\"font-size: 8pt\"> : <a href=\"https:\/\/lieferanten-verzeichnis.info\/knorr-bremse\/leistungsangebot\">Leistungsangebot<\/a> : PRODUKTE <\/span><\/p>\n<hr>\n<p>&nbsp;<\/p>\n<\/div>\n<\/div>\n","protected":false},"excerpt":{"rendered":"","protected":false},"author":4,"featured_media":0,"parent":0,"menu_order":3,"comment_status":"closed","ping_status":"closed","template":"","meta":{"footnotes":""},"categories":[17],"tags":[211],"class_list":["post-1425","page","type-page","status-publish","hentry","category-leistungsangebot","tag-page-switch-03"],"_links":{"self":[{"href":"https:\/\/lieferanten-verzeichnis.info\/knorr-bremse\/wp-json\/wp\/v2\/pages\/1425","targetHints":{"allow":["GET"]}}],"collection":[{"href":"https:\/\/lieferanten-verzeichnis.info\/knorr-bremse\/wp-json\/wp\/v2\/pages"}],"about":[{"href":"https:\/\/lieferanten-verzeichnis.info\/knorr-bremse\/wp-json\/wp\/v2\/types\/page"}],"author":[{"embeddable":true,"href":"https:\/\/lieferanten-verzeichnis.info\/knorr-bremse\/wp-json\/wp\/v2\/users\/4"}],"replies":[{"embeddable":true,"href":"https:\/\/lieferanten-verzeichnis.info\/knorr-bremse\/wp-json\/wp\/v2\/comments?post=1425"}],"version-history":[{"count":5,"href":"https:\/\/lieferanten-verzeichnis.info\/knorr-bremse\/wp-json\/wp\/v2\/pages\/1425\/revisions"}],"predecessor-version":[{"id":1853,"href":"https:\/\/lieferanten-verzeichnis.info\/knorr-bremse\/wp-json\/wp\/v2\/pages\/1425\/revisions\/1853"}],"wp:attachment":[{"href":"https:\/\/lieferanten-verzeichnis.info\/knorr-bremse\/wp-json\/wp\/v2\/media?parent=1425"}],"wp:term":[{"taxonomy":"category","embeddable":true,"href":"https:\/\/lieferanten-verzeichnis.info\/knorr-bremse\/wp-json\/wp\/v2\/categories?post=1425"},{"taxonomy":"post_tag","embeddable":true,"href":"https:\/\/lieferanten-verzeichnis.info\/knorr-bremse\/wp-json\/wp\/v2\/tags?post=1425"}],"curies":[{"name":"wp","href":"https:\/\/api.w.org\/{rel}","templated":true}]}}