{"id":1379,"date":"2022-08-31T11:14:11","date_gmt":"2022-08-31T09:14:11","guid":{"rendered":"https:\/\/lieferanten-verzeichnis.info\/knorr-bremse\/?page_id=1379"},"modified":"2022-09-04T11:08:06","modified_gmt":"2022-09-04T09:08:06","slug":"mitgliedschaften","status":"publish","type":"page","link":"https:\/\/lieferanten-verzeichnis.info\/knorr-bremse\/mitgliedschaften\/","title":{"rendered":"MITGLIEDSCHAFTEN"},"content":{"rendered":"<div data-post-id=\"2719\" class=\"insert-page insert-page-2719 \"><p>MITGLIEDSCHAFT<\/p>\n<p>&nbsp;<\/p>\n<p>(oder Link zur Unternehmenshomepage einf\u00fcgen)<\/p>\n<p>&nbsp;<\/p>\n<div data-post-id=\"2783\" class=\"insert-page insert-page-2783 \"><p>FACHVERBAENDE:<\/p>\n<p>&nbsp;<\/p>\n<section class=\" magee-shortcode section magee-section section-8xwquq\" id=\"\"> <div class=\"section-content\"><div class=\"container-fullwidth\"><\/p>\n<div data-post-id=\"2720\" class=\"insert-page insert-page-2720 \"><div data-post-id=\"2784\" class=\"insert-page insert-page-2784 \"><p>&nbsp;<\/p>\n<div data-post-id=\"1374\" class=\"insert-page insert-page-1374 \"><p>&nbsp;<\/p>\n<p>&nbsp;<\/p>\n<p>&nbsp;<\/p>\n<p>BAHNVERBAND e.V.<\/p>\n<p>&nbsp;<\/p>\n<p><a href=\"https:\/\/bahnverband.info\/musterfirma_gmbh\/\" target=\"_blank\" rel=\"noopener\"><img loading=\"lazy\" decoding=\"async\" class=\"aligncenter\" src=\"https:\/\/bahnverband.info\/fileserver\/bahnverband-logo\/bahnverband-ev-logo-circle-1200px.png\" width=\"399\" height=\"398\"><\/a><\/p>\n<p style=\"text-align: center;\"><a class=\"fasc-button fasc-size-large fasc-type-flat fasc-rounded-medium fasc-style-bold\" style=\"background-color: #ff0000; color: #ffffff;\" target=\"_blank\" rel=\"nofollow noopener\" href=\"https:\/\/bahnverband.info\/\">https:\/\/bahnverband.info<\/a><\/p>\n<p style=\"text-align: right;\"><span style=\"color: #ffffff;\">.<\/span><\/p>\n<p style=\"text-align: right;\"><span style=\"color: #ffffff;\">.<\/span><\/p>\n<blockquote>\n<p>Der <b>BAHNVERBAND e. V.<\/b> ist der interdisziplin\u00e4re Fachverband f\u00fcr die gesamte Bahnbranche in Deutschland, \u00d6sterreich und der Schweiz.<\/p>\n<p>In ihm sind Akteure der Bahntechnik, des Transportsektors sowie der Verkehrspolitik zusammengeschlossen.<\/p>\n<p>Er dient der Bahn- und Verkehrsbranche als <strong>FIRMEN-NETZWERK<\/strong> f\u00fcr kompetente Unternehmen aus allen Teilbereichen der Bahnbranche.<\/p>\n<p>Er wirkt zudem als <strong>PERSONEN-NETZWERK<\/strong> der relevanten Akteure der Bahntechnik, des Transportsektors sowie der Verkehrspolitik.<\/p>\n<p>Homepage &gt;&gt;&gt; <span style=\"text-decoration: underline;\"><strong><a href=\"https:\/\/Bahnverband.info\/\" target=\"_blank\" rel=\"noopener\">Bahnverband.info<\/a><\/strong><\/span><\/p>\n<\/blockquote>\n<p>&nbsp;<\/p>\n<\/div>\n<p>&nbsp;<\/p>\n<p>&#8230;<\/p>\n<hr \/>\n<p><span style=\"font-size: 8pt\"><a href=\"https:\/\/lieferanten-verzeichnis.info\/knorr-bremse\/\">Startseite<\/a> : <a href=\"https:\/\/lieferanten-verzeichnis.info\/knorr-bremse\/mitgliedschaft\/\">Mitgliedschaft<\/a> : FACHVERB\u00c4NDE<br \/>\n<\/span><\/p>\n<hr \/>\n<p>&nbsp;<\/p>\n<\/div>\n<\/div>\n<p>&nbsp;<\/p>\n<p><\/div><\/div> <\/section>\n<p>&nbsp;<\/p>\n<hr \/>\n<p>&nbsp;<\/p>\n<section class=\" magee-shortcode section magee-section section-qx6cn7\" id=\"\"> <div class=\"section-content\"><div class=\"container-fullwidth\"><\/p>\n<p>\n<div data-post-id=\"2721\" class=\"insert-page insert-page-2721 \"><p>ARBEITSKREISE:<\/p>\n<p>&nbsp;<\/p>\n<p>(oder Link zur Unternehmenshomepage einf\u00fcgen)<\/p>\n<p>&nbsp;<\/p>\n<div data-post-id=\"2785\" class=\"insert-page insert-page-2785 \"><p>&nbsp;<\/p>\n<p>&#8230;<\/p>\n<hr \/>\n<p><span style=\"font-size: 8pt\"><a href=\"https:\/\/lieferanten-verzeichnis.info\/knorr-bremse\/\">Startseite<\/a> : <a href=\"https:\/\/lieferanten-verzeichnis.info\/knorr-bremse\/mitgliedschaft\/\">Mitgliedschaft<\/a> : ARBEITSKREISE<br \/>\n<\/span><\/p>\n<hr \/>\n<p>&nbsp;<\/p>\n<\/div>\n<\/div>\n<p>&nbsp;<\/p>\n<p><\/div><\/div> <\/section>\n<p>&nbsp;<\/p>\n<p>&#8230;<\/p>\n<hr \/>\n<p><span style=\"font-size: 8pt\"><a href=\"https:\/\/lieferanten-verzeichnis.info\/knorr-bremse\/\">Startseite<\/a> : MITGLIEDSCHAFTEN<br \/>\n<\/span><\/p>\n<hr \/>\n<p>&nbsp;<\/p>\n<\/div>\n<\/div>\n","protected":false},"excerpt":{"rendered":"","protected":false},"author":4,"featured_media":0,"parent":0,"menu_order":31,"comment_status":"closed","ping_status":"closed","template":"","meta":{"footnotes":""},"categories":[27,147],"tags":[225],"class_list":["post-1379","page","type-page","status-publish","hentry","category-informationsangebot","category-mitgliedschaft","tag-page-switch-31"],"_links":{"self":[{"href":"https:\/\/lieferanten-verzeichnis.info\/knorr-bremse\/wp-json\/wp\/v2\/pages\/1379","targetHints":{"allow":["GET"]}}],"collection":[{"href":"https:\/\/lieferanten-verzeichnis.info\/knorr-bremse\/wp-json\/wp\/v2\/pages"}],"about":[{"href":"https:\/\/lieferanten-verzeichnis.info\/knorr-bremse\/wp-json\/wp\/v2\/types\/page"}],"author":[{"embeddable":true,"href":"https:\/\/lieferanten-verzeichnis.info\/knorr-bremse\/wp-json\/wp\/v2\/users\/4"}],"replies":[{"embeddable":true,"href":"https:\/\/lieferanten-verzeichnis.info\/knorr-bremse\/wp-json\/wp\/v2\/comments?post=1379"}],"version-history":[{"count":9,"href":"https:\/\/lieferanten-verzeichnis.info\/knorr-bremse\/wp-json\/wp\/v2\/pages\/1379\/revisions"}],"predecessor-version":[{"id":1851,"href":"https:\/\/lieferanten-verzeichnis.info\/knorr-bremse\/wp-json\/wp\/v2\/pages\/1379\/revisions\/1851"}],"wp:attachment":[{"href":"https:\/\/lieferanten-verzeichnis.info\/knorr-bremse\/wp-json\/wp\/v2\/media?parent=1379"}],"wp:term":[{"taxonomy":"category","embeddable":true,"href":"https:\/\/lieferanten-verzeichnis.info\/knorr-bremse\/wp-json\/wp\/v2\/categories?post=1379"},{"taxonomy":"post_tag","embeddable":true,"href":"https:\/\/lieferanten-verzeichnis.info\/knorr-bremse\/wp-json\/wp\/v2\/tags?post=1379"}],"curies":[{"name":"wp","href":"https:\/\/api.w.org\/{rel}","templated":true}]}}