{"id":788,"date":"2022-08-28T11:29:46","date_gmt":"2022-08-28T09:29:46","guid":{"rendered":"https:\/\/lieferanten-verzeichnis.info\/heyle-law\/?page_id=788"},"modified":"2022-09-04T11:07:55","modified_gmt":"2022-09-04T09:07:55","slug":"leistungsangebot","status":"publish","type":"page","link":"https:\/\/lieferanten-verzeichnis.info\/heyle-law\/leistungsangebot\/","title":{"rendered":"LEISTUNGSANGEBOT"},"content":{"rendered":"<div data-post-id=\"2187\" class=\"insert-page insert-page-2187 \"><div data-post-id=\"1417\" class=\"insert-page insert-page-1417 \"><p><strong>Rechtsberatung<\/strong><\/p>\n<p><strong>Vertretung vor Gerichten und Beh\u00f6rden<\/strong><\/p>\n<p><strong>Schiedsverfahren<\/strong><\/p>\n<p><strong>Mediation<\/strong><\/p>\n<p><strong>Schlichtung<\/strong><\/p>\n<p>&nbsp;<\/p>\n<p>&nbsp;<\/p>\n<p><strong>Spezialisierungen im Eisenbahnrecht<\/strong><\/p>\n<p><strong>\u00a0<\/strong>EU-Zulassungsrecht Fahrzeuge und alle Teilsysteme<\/p>\n<p>Zulassungen Infrastruktur<\/p>\n<p>Bahnbau<\/p>\n<p>Bahnbetrieb einschl. Sicherheitsmanagementsysteme, Rezertifizierungen, einheitliche Sicherheitsbescheinigung<\/p>\n<p>Pr\u00fcfstellenrecht DeBo, NoBo, UBS<\/p>\n<p>Risikobewertungen CSM<\/p>\n<p>Kreuzungsrecht<\/p>\n<p><strong>\u00a0<\/strong><\/p>\n<p><strong>\u00a0<\/strong><\/p>\n<p><strong>Spezialisierungen im Wirtschaftsrecht <\/strong><\/p>\n<p><strong>\u00a0<\/strong>Vergaberecht: Fachanwaltskurs 2019\/2020<\/p>\n<p>Verwaltungsrecht<\/p>\n<p>Vertragsrecht<\/p>\n<p>Schadenersatzrecht<\/p>\n<p>Produkthaftungsrecht<\/p>\n<p>Produktsicherheitsrecht<\/p>\n<p>Baurecht<\/p>\n<p><strong>\u00a0<\/strong><\/p>\n<p>&nbsp;<\/p>\n<div class=\"insert-page insert-page-753 \" data-post-id=\"753\">\n<h3>Fachvortr\u00e4ge<\/h3>\n<p>Virtual-Meeting-Point 2022, Bahnverband.online, Virtuelles Expertentreffen am 25.03.2022<\/p>\n<p>CSM-RISK-ASSESSMENT durch 3. Stelle UBS:<\/p>\n<p>Anerkennung und Arbeitsweise nat\u00fcrlicher Personen als UBS gem\u00e4\u00df CSM-VO (EU) 402\/2013<\/p>\n<p>&nbsp;<\/p>\n<p>7. Tagung der Inbetriebnahmeverantwortlichen DB NETZE, 7. Mai 2019, Fulda<\/p>\n<p>Haftungsrecht f\u00fcr Inbetriebnahmeverantwortliche \u2013 Update EIGV<\/p>\n<p>&nbsp;<\/p>\n<p>TSI 2017, 18. Expertentagung zum Thema bahntechnische Zulassung, ifv Bahntechnik e.V., 30. Juni 2017, Berlin<\/p>\n<p>Zulassung von Eisenbahnfahrzeugen und Komponenten mittels SinaT:<\/p>\n<p>\u2013 Die verfahrensrechtliche Einf\u00fchrung von Sicherheitsnachweisen anderer Technikbereiche<\/p>\n<p>&nbsp;<\/p>\n<p>Eisenbahnwesen-Seminar der TU Berlin, 2. Mai 2016, Berlin<\/p>\n<p>Die anerkannten Regeln der Technik im Eisenbahnrecht \u2013 Neue Systeme<\/p>\n<p>&nbsp;<\/p>\n<p>Verband der Bahnindustrie in Deutschland (VDB) e.V., 26. April 2016, Berlin<\/p>\n<p>Nachweisf\u00fchrung IBG und Zulassung von Komponenten:<\/p>\n<p>-Wann d\u00fcrfen Sicherheitsnachweise anderer Technikbereiche verwendet werden?<\/p>\n<p>&nbsp;<\/p>\n<p>10th FORMS \/ FORMAT 2014, 30th September \u2013 2nd October 2014, Braunschweig<\/p>\n<p>Risk Management, Risk Provisioning or Risk Supervision?<\/p>\n<p>-The term \u201erisk\u201c in the revised CSM-CR from the German risk management law perspective<\/p>\n<p>&nbsp;<\/p>\n<p>2. IBV-Tagung DB Netz AG, 22. \u2013 23. Mai 2014, Fulda<\/p>\n<p>Inbetriebnahme: Haftung des IBV und Pflichten des EBA<\/p>\n<p>&nbsp;<\/p>\n<p>Braunschweiger Verkehrskolloquium, 14. November 2013, Braunschweig<\/p>\n<p>Effiziente Umsetzung CSM \u2013 Revisionierte Termini aus technischer und juristischer Sicht<\/p>\n<p>&nbsp;<\/p>\n<p>SIT \u2013 Safety in Transportation 2013, 5. November 2013, IfEV der TU Braunschweig<\/p>\n<p>Die anerkannten Regeln der Technik im Eisenbahnrecht \u2013 Betrachtung der Definitionen seit RGSt 44, 76 \u2013 Urteil vom 11.11.1910 und Folgerungen f\u00fcr CSM (Verordnungen (EG) Nr. 352\/2009 und 402\/2013)<\/p>\n<p>&nbsp;<\/p>\n<p>safe.tech 2013, 24. \u2013 25. April 2013, M\u00fcnchen<\/p>\n<p>Die anerkannten Regeln der Technik im Eisenbahnrecht<\/p>\n<p>&nbsp;<\/p>\n<p>14. Jahresfachtagung der Eisenbahn-Sachverst\u00e4ndigen, 14. \u2013 15. Februar 2012, Fulda<\/p>\n<p>Vortutorium \u2013 Ein neuer Weg zur Schaffung der Voraussetzungen f\u00fcr ein Abnahmepr\u00fcfertutorium LST im Kontext der PR\u00dcF STE 03<\/p>\n<p>&nbsp;<\/p>\n<p>&nbsp;<\/p>\n<h3>FACHSEMINARE \/ ONLINE-SEMINARE:<\/h3>\n<p><span class=\"m-font-size-20\">Zulassungen Rail in Deutschland und in der EU<\/span><\/p>\n<p><span class=\"m-font-size-20\">Workshop Eisenbahnrecht<\/span><\/p>\n<p><span class=\"m-font-size-20\">Fahrzeugzulassungsrecht (EU \/ nat.) und Haftung<\/span><\/p>\n<p><span class=\"m-font-size-20\">Bahnbau \/ Inbetriebnahmegenehmigungen Infrastruktur, Energie, ZZS<\/span><\/p>\n<p><span class=\"m-font-size-20\">Pr\u00fcfungsvorbereitung Anerkennung EBA-Sachverst\u00e4ndige \/ Pr\u00fcfsachverst\u00e4ndige \u00a7 4b AEG<\/span><\/p>\n<p><span class=\"m-font-size-20\">\u00dcberblick 4. Eisenbahnpaket<\/span><\/p>\n<p><span class=\"m-font-size-20\">Eisenbahn-Sachverst\u00e4ndigenrecht<\/span><\/p>\n<\/div>\n<p>&nbsp;<\/p>\n<hr \/>\n<p>&nbsp;<\/p>\n<div class=\"insert-page insert-page-217 \" data-post-id=\"217\">\n<div id=\"1728209212\" class=\"u_1728209212 dmRespRow\">\n<div id=\"1633926576\" class=\"dmRespColsWrapper\">\n<div id=\"1816986730\" class=\"dmRespCol small-12 u_1816986730 medium-6 large-6\">\n<div id=\"1158067857\" class=\"u_1158067857 dmNewParagraph\" data-version=\"5\">\n<div id=\"1728209212\" class=\"u_1728209212 dmRespRow\">\n<div id=\"1633926576\" class=\"dmRespColsWrapper\">\n<div id=\"1816986730\" class=\"dmRespCol small-12 u_1816986730 medium-6 large-6\">\n<div id=\"1158067857\" class=\"u_1158067857 dmNewParagraph\" data-version=\"5\">\n<p><strong>Fachpublikationen<\/strong><\/p>\n<p>Kommentar zur Verordnung \u00fcber die Erteilung von Inbetriebnahmegenehmigungen f\u00fcr das Eisenbahnsystem (Eisenbahn-Inbetriebnahmegenehmigungsverordnung \u2013 EIGV),<\/p>\n<p>Teil 3 Interoperabilit\u00e4tskomponenten, Bauprodukte und Systeme (\u00a7\u00a7 24 \u2013 28),<\/p>\n<p>Kunz\/Kramer, Eisenbahnrecht, 57. Erg\u00e4nzungslieferung 2022, A 7.10<span class=\"\">7. <\/span><\/p>\n<\/div>\n<\/div>\n<div id=\"1636008753\" class=\"dmRespCol small-12 u_1636008753 medium-6 large-6\">\n<div id=\"1929669569\" class=\"u_1929669569 dmDividerWrapper clearfix\" data-element-type=\"dDividerId\" data-widget-version=\"2\">\n<hr id=\"1386438049\" class=\"dmDivider\" \/><\/div>\n<\/div>\n<\/div>\n<\/div>\n<p>Kommentar zur Verordnung \u00fcber die Erteilung von Inbetriebnahmegenehmigungen f\u00fcr das Eisenbahnsystem (Eisenbahn-Inbetriebnahmegenehmigungsverordnung \u2013 EIGV),<\/p>\n<p>Teil 1 Allgemeine Vorschriften und Teil 2 Genehmigung f\u00fcr das Inverkehrbringen, Fahrzeugtypgenehmigung und Inbetriebnahmegenehmigung (\u00a7\u00a7 1 \u2013 23),<\/p>\n<p>Kunz\/Kramer, Eisenbahnrecht, 56. Erg\u00e4nzungslieferung 2021, A 7.10<span class=\"\">7. <\/span><\/p>\n<\/div>\n<\/div>\n<div id=\"1636008753\" class=\"dmRespCol small-12 u_1636008753 medium-6 large-6\">\n<div id=\"1929669569\" class=\"u_1929669569 dmDividerWrapper clearfix\" data-element-type=\"dDividerId\" data-widget-version=\"2\">\n<hr id=\"1386438049\" class=\"dmDivider\" \/><\/div>\n<div id=\"1925792382\" class=\"u_1925792382 dmNewParagraph\" data-version=\"5\">\n<p>Rechtsicherheit in Zulassungsverfahren NO TEN und Risikoentscheidungen<\/p>\n<p>ETR \u2013 Eisenbahntechnische Rundschau, 06\/18, 38<\/p>\n<\/div>\n<\/div>\n<\/div>\n<\/div>\n<div id=\"1396965640\" class=\"u_1396965640 dmRespRow\">\n<div id=\"1766056317\" class=\"dmRespColsWrapper\">\n<div id=\"1746034764\" class=\"dmRespCol small-12 u_1746034764 medium-6 large-6\">\n<div id=\"1001934282\" class=\"u_1001934282 dmDividerWrapper clearfix\" data-element-type=\"dDividerId\" data-widget-version=\"2\">\n<hr id=\"1378383981\" class=\"dmDivider\" \/><\/div>\n<div id=\"1822840726\" class=\"u_1822840726 dmNewParagraph\" data-version=\"5\">\n<p>Zulassung von Eisenbahnfahrzeugen und Komponenten mittels SinaT: Die verfahrensrechtliche Einf\u00fchrung von Sicherheitsnachweisen anderer Technikbereiche<\/p>\n<p>ifv Bahntechnik e.V., Band 64, 06\/17, 35<\/p>\n<\/div>\n<\/div>\n<div id=\"1722074664\" class=\"dmRespCol small-12 u_1722074664 medium-6 large-6\">\n<div id=\"1874398691\" class=\"u_1874398691 dmDividerWrapper clearfix\" data-element-type=\"dDividerId\" data-widget-version=\"2\">\n<hr id=\"1323557937\" class=\"dmDivider\" \/><\/div>\n<div id=\"1194067697\" class=\"u_1194067697 dmNewParagraph\" data-version=\"5\">\n<p>Die anerkannten Regeln der Technik im Eisenbahnrecht \u2013 Neue Systeme?<\/p>\n<p>DVBl 2017, 417<\/p>\n<\/div>\n<\/div>\n<\/div>\n<\/div>\n<div id=\"1604530785\" class=\"u_1604530785 dmRespRow\">\n<div id=\"1894723765\" class=\"dmRespColsWrapper\">\n<div id=\"1848039592\" class=\"u_1848039592 dmRespCol small-12 medium-6 large-6\" data-anim-desktop=\"fadeIn\">\n<div id=\"1429538755\" class=\"u_1429538755 dmDividerWrapper clearfix\" data-element-type=\"dDividerId\" data-widget-version=\"2\">\n<hr id=\"1478671016\" class=\"dmDivider\" \/><\/div>\n<div id=\"1325489248\" class=\"u_1325489248 dmNewParagraph\" data-version=\"5\">\n<p>DC-Schutzpr\u00fcfung \u2013 Sicherheitsfunktion und Haftungsrelevanz<\/p>\n<p>eb \u2013 Elektrische Bahnen, 05\/16, 276<\/p>\n<\/div>\n<\/div>\n<div id=\"1762750621\" class=\"dmRespCol small-12 u_1762750621 medium-6 large-6\">\n<div id=\"1465869774\" class=\"u_1465869774 dmDividerWrapper clearfix\" data-element-type=\"dDividerId\" data-widget-version=\"2\">\n<hr id=\"1126125354\" class=\"dmDivider\" \/><\/div>\n<div id=\"1129187877\" class=\"u_1129187877 dmNewParagraph\" data-version=\"5\">\n<p>Pr\u00fcfungen durch EBA-anerkannte Gutachter<\/p>\n<p>EI \u2013 Der Eisenbahningenieur 07\/15, 55<\/p>\n<\/div>\n<\/div>\n<\/div>\n<\/div>\n<div id=\"1001804483\" class=\"u_1001804483 dmRespRow\">\n<div id=\"1387055085\" class=\"dmRespColsWrapper\">\n<div id=\"1991935318\" class=\"dmRespCol small-12 u_1991935318 medium-6 large-6\">\n<div id=\"1915511087\" class=\"u_1915511087 dmDividerWrapper clearfix\" data-element-type=\"dDividerId\" data-widget-version=\"2\">\n<hr id=\"1063792486\" class=\"dmDivider\" \/><\/div>\n<div id=\"1399430894\" class=\"u_1399430894 dmNewParagraph\" data-version=\"5\">\n<p>Die Haftung des Inbetriebnahmeverantwortlichen<\/p>\n<p>EI \u2013 Der Eisenbahningenieur 02\/15, 52<\/p>\n<\/div>\n<\/div>\n<div id=\"1709130540\" class=\"dmRespCol small-12 u_1709130540 medium-6 large-6\">\n<div id=\"1392235506\" class=\"u_1392235506 dmDividerWrapper clearfix\" data-element-type=\"dDividerId\" data-widget-version=\"2\">\n<hr id=\"1923997611\" class=\"dmDivider\" \/><\/div>\n<div id=\"1462351930\" class=\"u_1462351930 dmNewParagraph\" data-version=\"5\">\n<p>Risk Management, Risk Provisioning or Risk Supervision? \u2013 The term \u201erisk\u201c in the revised CSM-CR from the German risk management law perspective<\/p>\n<p>Tagungsband 10th FORMS \/ FORMAT 2014<\/p>\n<\/div>\n<\/div>\n<\/div>\n<\/div>\n<div id=\"1167210757\" class=\"u_1167210757 dmRespRow\">\n<div id=\"1422241072\" class=\"dmRespColsWrapper\">\n<div id=\"1108644229\" class=\"u_1108644229 dmRespCol small-12 medium-6 large-6\" data-anim-desktop=\"fadeIn\">\n<div id=\"1439163889\" class=\"u_1439163889 dmDividerWrapper clearfix\" data-element-type=\"dDividerId\" data-widget-version=\"2\">\n<hr id=\"1726745202\" class=\"dmDivider\" \/><\/div>\n<div id=\"1287141719\" class=\"u_1287141719 dmNewParagraph\" data-version=\"5\">\n<p>Revision CSM-VO: \u201eRegelwerk\u201c statt \u201eanerkannte Technik\u201c \u2013 Teil 1, Teil 2<\/p>\n<p>EI \u2013 Der Eisenbahningenieur 08\/13, 67 und 09\/13, 48<\/p>\n<\/div>\n<\/div>\n<div id=\"1305770570\" class=\"dmRespCol small-12 u_1305770570 medium-6 large-6\">\n<div id=\"1234089136\" class=\"u_1234089136 dmDividerWrapper clearfix\" data-element-type=\"dDividerId\" data-widget-version=\"2\">\n<hr id=\"1008561939\" class=\"dmDivider\" \/><\/div>\n<div id=\"1106107626\" class=\"u_1106107626 dmNewParagraph\" data-version=\"5\">\n<p>Weg zur Schaffung der Voraussetzungen f\u00fcr ein Abnahmepr\u00fcfertutorium LST<\/p>\n<p>EI \u2013 Der Eisenbahningenieur 06\/12, 6<\/p>\n<\/div>\n<\/div>\n<\/div>\n<\/div>\n<div id=\"1634129378\" class=\"u_1634129378 dmRespRow\">\n<div id=\"1648152108\" class=\"dmRespColsWrapper\">\n<div id=\"1606986909\" class=\"u_1606986909 dmRespCol small-12 medium-6 large-6\" data-anim-desktop=\"fadeIn\">\n<div id=\"1376847280\" class=\"u_1376847280 dmDividerWrapper clearfix\" data-element-type=\"dDividerId\" data-widget-version=\"2\">\n<hr id=\"1824514331\" class=\"dmDivider\" \/><\/div>\n<div id=\"1049752688\" class=\"u_1049752688 dmNewParagraph\" data-version=\"5\">\n<p>Die individuell-abstrakte Regelung des allgemeinen Verwaltungsrechts<\/p>\n<p>NVwZ 2008, 390<\/p>\n<\/div>\n<\/div>\n<div id=\"1835175568\" class=\"dmRespCol small-12 u_1835175568 medium-6 large-6\">\n<div id=\"1274271123\" class=\"u_1274271123 dmDividerWrapper clearfix\" data-element-type=\"dDividerId\" data-widget-version=\"2\">\n<hr id=\"1715655687\" class=\"dmDivider\" \/><\/div>\n<div id=\"1292640653\" class=\"u_1292640653 dmNewParagraph\" data-version=\"5\">\n<p>Frequenznutzungs- und Telekommunikationsbeitrag: Verwaltungsgeb\u00fchr oder wiederkehrender Beitrag zur Aufsicht?<\/p>\n<p>MMR 2007, 159<\/p>\n<\/div>\n<\/div>\n<\/div>\n<\/div>\n<div id=\"1619439672\" class=\"u_1619439672 dmRespRow\">\n<div id=\"1285818904\" class=\"dmRespColsWrapper\">\n<div id=\"1781247716\" class=\"u_1781247716 dmRespCol small-12 medium-12 large-12\" data-anim-desktop=\"fadeIn\">\n<div id=\"1254417769\" class=\"u_1254417769 dmDividerWrapper clearfix\" data-element-type=\"dDividerId\" data-widget-version=\"2\">\n<hr id=\"1144266176\" class=\"dmDivider\" \/><\/div>\n<div id=\"1574578282\" class=\"u_1574578282 dmNewParagraph\" data-version=\"5\">\n<p>Die Erhebung von Vorzugslasten druch die Wirtschaftsaufsichts- und Regulierungsbeh\u00f6rden \u2013 Am Beispiel der RegTP, Bundesnetzagentur, BaFin und Kartellbeh\u00f6rden<\/p>\n<p>Lohmar, K\u00f6ln 2006<\/p>\n<p>&nbsp;<\/p>\n<\/div>\n<\/div>\n<\/div>\n<div id=\"1508719938\" class=\"u_1508719938 dmNewParagraph\" data-version=\"5\">\n<p>Zertifizierung DIN ISO 9001-2015<\/p>\n<\/div>\n<div id=\"1650419363\" class=\"u_1650419363 imageWidget align-center\" data-element-type=\"image\" data-widget-type=\"image\"><img decoding=\"async\" id=\"1938748918\" class=\"\" src=\"https:\/\/le-cdn.website-editor.net\/s\/f08f23950d1e4a0b9853c6ee4af74be9\/dms3rep\/multi\/opt\/T%C3%9CV+S%C3%BCd-1920w.jpg?Expires=1663463690&amp;Signature=gzDdZ~ipxFsgalHKAbzEsAnGVsWh1WAs7C6NYVANkK6iVDvFol3d4Pv~MZQUpFjOG0CneweygN04gjj~r04SDZGtoXUky1FpeYDeZLcorXJdyNUXe3sKU28rUw9F-ior-eDxm8vzZqLBcNU5QyGvcxJNqkeMNPBT1q4FxWJokdp8ZlECBZQFrnYnW8Td51DN3UpwSeTTaxDTSxvXgSNVNYr0aB5IkJvMqps2KNsNe5lJsDSaUCNSOpTj90~FRIdm5rDZEYzpNB3qlWl0vVExPL8J~LzhRpcxkzB9S2wbW1CEQS2KDjmt1QlF8Oq5biS0KMQzYpFAALkHv4R5roQgWA__&amp;Key-Pair-Id=K2NXBXLF010TJW\" alt=\"\" data-dm-image-path=\"https:\/\/cdn.website-editor.net\/f08f23950d1e4a0b9853c6ee4af74be9\/dms3rep\/multi\/T%C3%9CV+S%C3%BCd.jpg\" \/><\/div>\n<div id=\"1353966307\" class=\"dmNewParagraph\" data-element-type=\"paragraph\" data-version=\"5\">\n<p><span class=\"\">Zertifizierung durch T\u00dcV S\u00dcD Management Service GmbH <\/span><\/p>\n<p>Die Zertifizierungsstelle der T\u00dcV S\u00dcD Management Service GmbH hat zuletzt am 19.03.2021 bescheinigt, dass die Rechtanwaltskanzlei Dr. Fabian Heyle ein Qualit\u00e4tsmanagementsystem eingef\u00fchrt hat und anwendet. Die internen Unternehmensabl\u00e4ufe die gesamte Kanzleiorganisation und das Kanzleimanagement entsprechen den internationalen Standards f\u00fcr Qualit\u00e4tssicherung ISO 9001-2015 und gw\u00e4hrleisten eine effiziente und strukturierte Bearbeitung der Mandate. Das eingef\u00fchrte Qualit\u00e4tsmanagementsystem wurde auch zur Weiterentwicklung des eigenen Potentials genutzt. Bestimmte Abl\u00e4ufe und Prozesse innerhalb der Rechtsanwaltskanzlei sind wiederkehrend und wurden im Rahmen der Zertifizierung nach DIN ISO 9001-2015 optimiert.<\/p>\n<\/div>\n<\/div>\n<\/div>\n<div id=\"headingcollapseaccordion-bmsabz-1\" class=\"panel-heading\" role=\"tab\">\n<h4 class=\"panel-title\">MITGLIEDSCHAFTEN in VERB\u00c4NDEN und ehrenamtliche T\u00e4tigkeit(en)<\/h4>\n<\/div>\n<div id=\"collapseaccordion-bmsabz-1\" class=\"panel-collapse collapse \" role=\"tabpanel\" aria-labelledby=\"headingcollapseaccordion-bmsabz-1\">\n<div class=\"panel-body\">\n<div class=\"insert-page insert-page-800 \" data-post-id=\"800\">\n<p>&nbsp;<\/p>\n<div class=\"insert-page insert-page-105 \" data-post-id=\"105\">\n<p>&nbsp;<\/p>\n<p>&nbsp;<\/p>\n<p><img loading=\"lazy\" decoding=\"async\" class=\"wp-image-1154 aligncenter\" src=\"https:\/\/experten-liste.de\/bahn\/heyle-fabian\/wp-content\/uploads\/sites\/7\/2022\/08\/BAHNVERBAND-eV-LOGO-300x300.png\" alt=\"\" width=\"300\" height=\"300\" \/><img loading=\"lazy\" decoding=\"async\" class=\"size-medium wp-image-1181 aligncenter\" src=\"https:\/\/experten-liste.de\/bahn\/heyle-fabian\/wp-content\/uploads\/sites\/7\/2022\/09\/ICC_Germany_BLACK_RGB_72dpi-3-300x197.png\" alt=\"\" width=\"300\" height=\"197\" \/><\/p>\n<div id=\"1800873751\" class=\"u_1800873751 imageWidget align-center\" data-element-type=\"image\" data-widget-type=\"image\"><img decoding=\"async\" id=\"1091251247\" class=\"aligncenter\" src=\"https:\/\/le-cdn.website-editor.net\/s\/f08f23950d1e4a0b9853c6ee4af74be9\/dms3rep\/multi\/opt\/rak-brb-1920w.png?Expires=1663463690&amp;Signature=X-CvV6osr9IAfRug-7mB7ZLFNCBmHdRHmYOUTUrvqxYY~Z3wvtL2T~nhsMrkH4f~7I8iQoLYlZf~cb7M8c04aPTXIfiyqKzSwkseFE1stAYSBtyaVFsrvL~Nq7fcTp~Cjo~Jx0Ah6sSWpfiwFMQkkAKOR1xOFEt0MLQdzHWwRMrhsWg30KhE9hU~ieDjI2mY6elPNEhKpUSP5Cj-ISrUroEfzfJ9RxCzxoRQ-h67uSySHNGNAWaKaYNb-zJ~5-1TIXoh~gc3UZvJh25t86jfoOwnfW~SMj3eWfFq-9k8sHrEmSyZ2QQfkRoTLQ6jokboUaAx~k3PgIHBTF5QCwRfqw__&amp;Key-Pair-Id=K2NXBXLF010TJW\" alt=\"\" data-dm-image-path=\"https:\/\/cdn.website-editor.net\/s\/f08f23950d1e4a0b9853c6ee4af74be9\/dms3rep\/multi\/rak-brb.png\" \/><\/div>\n<div data-element-type=\"image\" data-widget-type=\"image\">\u00a0<\/div>\n<div data-element-type=\"image\" data-widget-type=\"image\">\u00a0<\/div>\n<div data-element-type=\"image\" data-widget-type=\"image\">\u00a0<\/div>\n<div id=\"1777635269\" class=\"u_1777635269 imageWidget align-center\" data-element-type=\"image\" data-widget-type=\"image\"><img decoding=\"async\" id=\"1890995264\" class=\"aligncenter\" src=\"https:\/\/le-cdn.website-editor.net\/s\/f08f23950d1e4a0b9853c6ee4af74be9\/dms3rep\/multi\/opt\/vdei-1920w.png?Expires=1663463690&amp;Signature=kGJzjyPnNjj~o4tuLplDPHPKs39XxU-FyXNlTCzIC~9lOETy-X0ucplp0-BHlIoboBCPxZ76FVNNBX9sOIwS0gWujneQ7vEjRwynixRENPJDHx8pqZUDImJ9cpQ7NK76VI4nqduIB97f5xVLIdm5t877qB9Qi8JzIKgFqA9vIhaxqszyMKNvoNPBfVem3ng2qBWvzng0v1YWPcw1myD2kRi2Ydo2OWbtVYewv3Jc8Kl02YXdDqB4y2El19pRIXpt~hmxvG748DWuCjrHYFpS7D0SsVS7XZurFoUQuv2QKZRIqygROcMjTjmj~hYaOCAF2uZhUJN3G~r9ekZO3vuvkw__&amp;Key-Pair-Id=K2NXBXLF010TJW\" alt=\"\" data-dm-image-path=\"https:\/\/cdn.website-editor.net\/s\/f08f23950d1e4a0b9853c6ee4af74be9\/dms3rep\/multi\/vdei.png\" \/><\/div>\n<p>&nbsp;<\/p>\n<p><strong>\u00a0\u00a0\u00a0\u00a0\u00a0\u00a0\u00a0\u00a0\u00a0\u00a0\u00a0\u00a0\u00a0\u00a0\u00a0\u00a0\u00a0\u00a0\u00a0\u00a0\u00a0\u00a0\u00a0\u00a0\u00a0\u00a0\u00a0\u00a0\u00a0\u00a0\u00a0\u00a0\u00a0\u00a0\u00a0\u00a0\u00a0\u00a0\u00a0\u00a0\u00a0\u00a0\u00a0\u00a0\u00a0\u00a0\u00a0\u00a0\u00a0\u00a0\u00a0\u00a0\u00a0\u00a0\u00a0\u00a0\u00a0\u00a0\u00a0\u00a0\u00a0\u00a0\u00a0\u00a0\u00a0\u00a0\u00a0\u00a0\u00a0\u00a0\u00a0\u00a0\u00a0\u00a0\u00a0\u00a0\u00a0\u00a0\u00a0\u00a0\u00a0\u00a0\u00a0\u00a0\u00a0\u00a0\u00a0\u00a0\u00a0\u00a0\u00a0\u00a0\u00a0\u00a0\u00a0\u00a0\u00a0\u00a0\u00a0\u00a0\u00a0\u00a0\u00a0\u00a0\u00a0\u00a0\u00a0\u00a0\u00a0\u00a0\u00a0\u00a0\u00a0\u00a0\u00a0\u00a0\u00a0\u00a0\u00a0\u00a0\u00a0\u00a0\u00a0\u00a0\u00a0\u00a0\u00a0\u00a0 DIS <\/strong><\/p>\n<\/div>\n<p>&nbsp;<\/p>\n<hr \/>\n<p>&nbsp;<\/p>\n<div class=\"insert-page insert-page-801 \" data-post-id=\"801\">\n<p><strong>Ehrenamtliche T\u00e4tigkeiten<br \/>\n<\/strong><\/p>\n<p>&nbsp;<\/p>\n<p>Mit Schreiben des Ministeriums der Justiz des Landes Brandenburgs vom 11. Juli 2022 wurde Dr. Heyle zum stellvertretenden Mitglied im Berufsbildungsausschuss bei der Rechtsanwaltskammer des Landes Brandenburg f\u00fcr den Ausbildungsberuf Rechtsanwaltsfachangestellte\/r (Gruppe der Arbeitgeber) bestellt.<\/p>\n<p>&nbsp;<\/p>\n<\/div>\n<\/div>\n<\/div>\n<\/div>\n<p>&nbsp;<\/p>\n<hr \/>\n<p><span style=\"font-size: 8pt;\"><a href=\"https:\/\/lieferanten-verzeichnis.info\/heyle-law\/\">Startseite<\/a> : <a href=\"https:\/\/lieferanten-verzeichnis.info\/heyle-law\/leistungsangebot\">Leistungsangebot<\/a><\/span><\/p>\n<hr \/>\n<p>&nbsp;<\/p>\n<\/div>\n<p>&nbsp;<\/p>\n<p>&nbsp;<\/p>\n<p>&nbsp;<\/p>\n<p style=\"text-align: right;\"><span style=\"color: #ffffff;\">.<\/span><\/p>\n<\/div>\n","protected":false},"excerpt":{"rendered":"","protected":false},"author":4,"featured_media":0,"parent":0,"menu_order":2,"comment_status":"closed","ping_status":"closed","template":"","meta":{"footnotes":""},"categories":[17],"tags":[224],"class_list":["post-788","page","type-page","status-publish","hentry","category-leistungsangebot","tag-page-switch-02"],"_links":{"self":[{"href":"https:\/\/lieferanten-verzeichnis.info\/heyle-law\/wp-json\/wp\/v2\/pages\/788","targetHints":{"allow":["GET"]}}],"collection":[{"href":"https:\/\/lieferanten-verzeichnis.info\/heyle-law\/wp-json\/wp\/v2\/pages"}],"about":[{"href":"https:\/\/lieferanten-verzeichnis.info\/heyle-law\/wp-json\/wp\/v2\/types\/page"}],"author":[{"embeddable":true,"href":"https:\/\/lieferanten-verzeichnis.info\/heyle-law\/wp-json\/wp\/v2\/users\/4"}],"replies":[{"embeddable":true,"href":"https:\/\/lieferanten-verzeichnis.info\/heyle-law\/wp-json\/wp\/v2\/comments?post=788"}],"version-history":[{"count":24,"href":"https:\/\/lieferanten-verzeichnis.info\/heyle-law\/wp-json\/wp\/v2\/pages\/788\/revisions"}],"predecessor-version":[{"id":1850,"href":"https:\/\/lieferanten-verzeichnis.info\/heyle-law\/wp-json\/wp\/v2\/pages\/788\/revisions\/1850"}],"wp:attachment":[{"href":"https:\/\/lieferanten-verzeichnis.info\/heyle-law\/wp-json\/wp\/v2\/media?parent=788"}],"wp:term":[{"taxonomy":"category","embeddable":true,"href":"https:\/\/lieferanten-verzeichnis.info\/heyle-law\/wp-json\/wp\/v2\/categories?post=788"},{"taxonomy":"post_tag","embeddable":true,"href":"https:\/\/lieferanten-verzeichnis.info\/heyle-law\/wp-json\/wp\/v2\/tags?post=788"}],"curies":[{"name":"wp","href":"https:\/\/api.w.org\/{rel}","templated":true}]}}