{"id":788,"date":"2022-08-28T11:29:46","date_gmt":"2022-08-28T09:29:46","guid":{"rendered":"https:\/\/lieferanten-verzeichnis.info\/embex\/?page_id=788"},"modified":"2022-09-04T11:07:55","modified_gmt":"2022-09-04T09:07:55","slug":"leistungsangebot","status":"publish","type":"page","link":"https:\/\/lieferanten-verzeichnis.info\/embex\/leistungsangebot\/","title":{"rendered":"LEISTUNGSANGEBOT"},"content":{"rendered":"<div data-post-id=\"2187\" class=\"insert-page insert-page-2187 \"><div data-post-id=\"1417\" class=\"insert-page insert-page-1417 \"><p>Leistungsangebot<\/p>\n<p>&nbsp;<\/p>\n<p>. . .<\/p>\n<p>&nbsp;<\/p>\n<hr \/>\n<p><span style=\"font-size: 8pt;\"><a href=\"https:\/\/lieferanten-verzeichnis.info\/embex\/\">Startseite<\/a> : <a href=\"https:\/\/lieferanten-verzeichnis.info\/embex\/leistungsangebot\">Leistungsangebot<\/a><\/span><\/p>\n<hr \/>\n<p>&nbsp;<\/p>\n<\/div>\n<div class=\"container\">\n<div id=\"c1956\" class=\"frame frame-default frame-type-textmedia frame-layout-0\">\n<div class=\"ce-textpic ce-right ce-intext ce-nowrap\">\n<div class=\"ce-bodytext\">\n<h2>Wir entwickeln Ihr Produkt:\u00a0Von der Idee bis zur Serie.<\/h2>\n<\/div>\n<\/div>\n<\/div>\n<\/div>\n<div class=\"container\">\n<div id=\"c85\" class=\"frame frame-default frame-type-textmedia frame-layout-0\">\n<div class=\"ce-textpic ce-right ce-intext ce-nowrap\">\n<div class=\"ce-gallery\" data-ce-columns=\"1\" data-ce-images=\"1\">\n<div class=\"ce-row\">\n<div class=\"ce-column\">\n<figure class=\"image\"><a class=\"fancybox\" href=\"https:\/\/www.embex-engineering.com\/fileadmin\/_processed_\/f\/1\/csm_Juergen-Wiegand_01_ad4eba0f82.jpg\" rel=\"fancybox[85]\"> <img loading=\"lazy\" decoding=\"async\" class=\"image-embed-item img-fluid\" src=\"https:\/\/www.embex-engineering.com\/fileadmin\/_processed_\/f\/1\/csm_Juergen-Wiegand_01_920bbe141e.jpg\" alt=\"\" width=\"300\" height=\"200\" \/> <\/a><\/figure>\n<\/div>\n<\/div>\n<\/div>\n<div class=\"ce-bodytext\">\n<p>Gerne denken wir im Gro\u00dfen und Ganzen: embeX deckt den kompletten Entwicklungsprozess ab. Mit der Idee fangen wir an und h\u00f6ren beim serienreifen Produkt auf. Bei der Entwicklung ber\u00fccksichtigen wir die Anforderungen der kundeneigenen Fertigung und aller Normen der Zielm\u00e4rkte. Unser zertifiziertes Qualit\u00e4tsmanagementsystem sorgt dabei f\u00fcr reibungslose Abl\u00e4ufe. Flexibilit\u00e4t ist eine unserer gro\u00dfen St\u00e4rken: Wir sehen uns als Dienstleistungsunternehmen, das ganz auf die Aufgabenstellungen und Prozesse unserer Kunden ausgerichtet ist. Ihr Produkterfolg ist unser Ansporn.<\/p>\n<p>Wir entwickeln aus den Ideen unserer Kunden zertifizierte Systeme und Produkte f\u00fcr globale M\u00e4rkte &#8211; oder unterst\u00fctzen bei Teilprojekten. Von der Beratung bis zur Zertifizierung und das Life Cycle Management.<\/p>\n<\/div>\n<\/div>\n<\/div>\n<\/div>\n<div class=\"container\">\n<div id=\"c131\" class=\"frame frame-default frame-type-textmedia frame-layout-0\">\n<div class=\"ce-textpic ce-center ce-above\">\n<div class=\"ce-gallery\" data-ce-columns=\"1\" data-ce-images=\"1\">\n<div class=\"ce-outer\">\n<div class=\"ce-inner\">\n<div class=\"ce-row\">\n<div class=\"ce-column\">\n<figure class=\"image\"><a class=\"fancybox\" href=\"https:\/\/www.embex-engineering.com\/fileadmin\/_processed_\/a\/c\/csm_V-DE_26ff21b55e.png\" rel=\"fancybox[131]\"> <img loading=\"lazy\" decoding=\"async\" class=\"image-embed-item img-fluid\" src=\"https:\/\/www.embex-engineering.com\/fileadmin\/_processed_\/a\/c\/csm_V-DE_373ddc3907.png\" alt=\"V-Modell\" width=\"1140\" height=\"424\" \/> <\/a><\/figure>\n<\/div>\n<\/div>\n<\/div>\n<\/div>\n<\/div>\n<\/div>\n<\/div>\n<\/div>\n<div class=\"container\">\n<div id=\"c113\" class=\"frame frame-default frame-type-textmedia frame-layout-0\">\n<header>\n<h2 class=\"\">Verantwortung f\u00fcr den gesamten Produktlebenszyklus<\/h2>\n<\/header>\n<div class=\"ce-textpic ce-right ce-intext\">\n<div class=\"ce-bodytext\">\n<p>Auch nach erfolgreicher Serien\u00fcberf\u00fchrung unterst\u00fctzen wir unsere Kunden weiter und bieten:<\/p>\n<ul>\n<li class=\"li_content\">Produktion und Logistik Services<\/li>\n<li class=\"li_content\">Funktionale Weiterentwicklungen<\/li>\n<li class=\"li_content\">Last Level Product Support<\/li>\n<li class=\"li_content\">Absicherung der Cybersecurity<\/li>\n<li class=\"li_content\">Obsolescence Management<\/li>\n<\/ul>\n<\/div>\n<\/div>\n<\/div>\n<\/div>\n<p style=\"text-align: right\"><span style=\"color: #ffffff\">.<\/span><\/p>\n<\/div>\n","protected":false},"excerpt":{"rendered":"","protected":false},"author":4,"featured_media":0,"parent":0,"menu_order":2,"comment_status":"closed","ping_status":"closed","template":"","meta":{"footnotes":""},"categories":[17],"tags":[224],"class_list":["post-788","page","type-page","status-publish","hentry","category-leistungsangebot","tag-page-switch-02"],"_links":{"self":[{"href":"https:\/\/lieferanten-verzeichnis.info\/embex\/wp-json\/wp\/v2\/pages\/788","targetHints":{"allow":["GET"]}}],"collection":[{"href":"https:\/\/lieferanten-verzeichnis.info\/embex\/wp-json\/wp\/v2\/pages"}],"about":[{"href":"https:\/\/lieferanten-verzeichnis.info\/embex\/wp-json\/wp\/v2\/types\/page"}],"author":[{"embeddable":true,"href":"https:\/\/lieferanten-verzeichnis.info\/embex\/wp-json\/wp\/v2\/users\/4"}],"replies":[{"embeddable":true,"href":"https:\/\/lieferanten-verzeichnis.info\/embex\/wp-json\/wp\/v2\/comments?post=788"}],"version-history":[{"count":24,"href":"https:\/\/lieferanten-verzeichnis.info\/embex\/wp-json\/wp\/v2\/pages\/788\/revisions"}],"predecessor-version":[{"id":1850,"href":"https:\/\/lieferanten-verzeichnis.info\/embex\/wp-json\/wp\/v2\/pages\/788\/revisions\/1850"}],"wp:attachment":[{"href":"https:\/\/lieferanten-verzeichnis.info\/embex\/wp-json\/wp\/v2\/media?parent=788"}],"wp:term":[{"taxonomy":"category","embeddable":true,"href":"https:\/\/lieferanten-verzeichnis.info\/embex\/wp-json\/wp\/v2\/categories?post=788"},{"taxonomy":"post_tag","embeddable":true,"href":"https:\/\/lieferanten-verzeichnis.info\/embex\/wp-json\/wp\/v2\/tags?post=788"}],"curies":[{"name":"wp","href":"https:\/\/api.w.org\/{rel}","templated":true}]}}