{"id":1825,"date":"2022-09-04T06:45:49","date_gmt":"2022-09-04T04:45:49","guid":{"rendered":"https:\/\/lieferanten-verzeichnis.info\/cico-slt\/?page_id=1825"},"modified":"2022-09-04T11:08:47","modified_gmt":"2022-09-04T09:08:47","slug":"referenzen","status":"publish","type":"page","link":"https:\/\/lieferanten-verzeichnis.info\/cico-slt\/referenzen\/","title":{"rendered":"Referenzen"},"content":{"rendered":"<div data-post-id=\"2190\" class=\"insert-page insert-page-2190 \"><div data-post-id=\"1822\" class=\"insert-page insert-page-1822 \"><div style=\"padding: 0 30px;color: #707070;font-family: -apple-system, BlinkMacSystemFont, 'Segoe UI', Roboto, Helvetica, Arial, sans-serif, 'Apple Color Emoji', 'Segoe UI Emoji', 'Segoe UI Symbol'\">\n<h2>Schienen- und Spurkranzschmierung<\/h2>\n<p>Unsere Mittel zur Schienen- und Spurkranzschmierung bewirken Langzeitschutz gegen Verschlei\u00df und Rissbildungen. Sie schmieren und konditionieren, verhindern das Quietschen und wirken auch bei extremen Druck- und Temperaturbelastungen.<\/p>\n<p>&nbsp;<\/p>\n<p><strong>CICO\u00ae Produkte<\/strong>\u00a0sind sparsam im Verbrauch, extrem wirkungsvoll und nachhaltig sowie biologisch abbaubar. Sie halten unterschiedlichsten Umweltbedingungen stand, sind bei verschiedenen Fahrzeug- und Schienenanlagen einsetzbar und k\u00f6nnen mit diversen Methoden der Schmierung und Schmieranlagentechnik aufgetragen werden.<\/p>\n<p>&nbsp;<\/p>\n<p><strong>CICO\u00ae Produkte<\/strong>: langfristig wirksam, zuverl\u00e4ssig und kosteng\u00fcnstig. Sie bieten eine h\u00f6here Sicherheit, geringere L\u00e4rm- und Umweltbelastung sowie eine deutliche Steigerung der Effizienz.<\/p>\n<h2>Produkte<\/h2>\n<p style=\"margin-top: 10px\"><a style=\"color: #ea464e\" href=\"https:\/\/cico-slt.de\/produkte\/cico-tl-22-b\"><strong>CICO\u00ae TL 22 B<\/strong>\u00a0&#8211; Spurkranzschmierstoff<\/a><\/p>\n<p style=\"margin-top: 10px\"><a style=\"color: #ea464e\" href=\"https:\/\/cico-slt.de\/produkte\/cico-tl-1500-b\"><strong>CICO\u00ae TL 1500 B<\/strong>\u00a0&#8211; Spurkranzschmierstoff<\/a><\/p>\n<p style=\"margin-top: 10px\"><a style=\"color: #ea464e\" href=\"https:\/\/cico-slt.de\/produkte\/cico-tl-1600-b\"><strong>CICO\u00ae TL 1600 B<\/strong>\u00a0&#8211; Spur- und Zahnkranzschmierstoff<\/a><\/p>\n<p style=\"margin-top: 10px\"><a style=\"color: #ea464e\" href=\"https:\/\/cico-slt.de\/produkte\/cico-rs-17-b\"><strong>CICO\u00ae RS 17 B<\/strong>\u00a0&#8211; Rad &#8211; Schienen Trennmittel<\/a><\/p>\n<p style=\"margin-top: 10px\"><a style=\"color: #ea464e\" href=\"https:\/\/cico-slt.de\/produkte\/cico-rs-20-b\"><strong>CICO\u00ae RS 20 B<\/strong>\u00a0&#8211; Rad &#8211; Schienen Trennmittel<\/a><\/p>\n<p style=\"margin-top: 10px\"><a style=\"color: #ea464e\" href=\"https:\/\/cico-slt.de\/produkte\/cico-sm-1200-mb\"><strong>CICO\u00ae SM 1200 MB<\/strong>\u00a0&#8211; Schienenkopfbehandlungsmittel<\/a><\/p>\n<p style=\"margin-top: 10px\"><a style=\"color: #ea464e\" href=\"https:\/\/cico-slt.de\/produkte\/cico-wsm-3000-t\"><strong>CICO\u00ae WSM 3000 T<\/strong>\u00a0&#8211; Weichenschmierstoff<\/a><\/p>\n<p>&nbsp;<\/p>\n<\/div>\n<\/div>\n<\/div>\n","protected":false},"excerpt":{"rendered":"","protected":false},"author":4,"featured_media":0,"parent":0,"menu_order":5,"comment_status":"closed","ping_status":"closed","template":"","meta":{"footnotes":""},"categories":[17],"tags":[257],"class_list":["post-1825","page","type-page","status-publish","hentry","category-leistungsangebot","tag-anzeigen-page-05"],"_links":{"self":[{"href":"https:\/\/lieferanten-verzeichnis.info\/cico-slt\/wp-json\/wp\/v2\/pages\/1825","targetHints":{"allow":["GET"]}}],"collection":[{"href":"https:\/\/lieferanten-verzeichnis.info\/cico-slt\/wp-json\/wp\/v2\/pages"}],"about":[{"href":"https:\/\/lieferanten-verzeichnis.info\/cico-slt\/wp-json\/wp\/v2\/types\/page"}],"author":[{"embeddable":true,"href":"https:\/\/lieferanten-verzeichnis.info\/cico-slt\/wp-json\/wp\/v2\/users\/4"}],"replies":[{"embeddable":true,"href":"https:\/\/lieferanten-verzeichnis.info\/cico-slt\/wp-json\/wp\/v2\/comments?post=1825"}],"version-history":[{"count":4,"href":"https:\/\/lieferanten-verzeichnis.info\/cico-slt\/wp-json\/wp\/v2\/pages\/1825\/revisions"}],"predecessor-version":[{"id":1854,"href":"https:\/\/lieferanten-verzeichnis.info\/cico-slt\/wp-json\/wp\/v2\/pages\/1825\/revisions\/1854"}],"wp:attachment":[{"href":"https:\/\/lieferanten-verzeichnis.info\/cico-slt\/wp-json\/wp\/v2\/media?parent=1825"}],"wp:term":[{"taxonomy":"category","embeddable":true,"href":"https:\/\/lieferanten-verzeichnis.info\/cico-slt\/wp-json\/wp\/v2\/categories?post=1825"},{"taxonomy":"post_tag","embeddable":true,"href":"https:\/\/lieferanten-verzeichnis.info\/cico-slt\/wp-json\/wp\/v2\/tags?post=1825"}],"curies":[{"name":"wp","href":"https:\/\/api.w.org\/{rel}","templated":true}]}}